{"id":8441,"date":"2022-05-02T10:04:42","date_gmt":"2022-05-02T08:04:42","guid":{"rendered":"https:\/\/eifm.eu\/stipendien\/"},"modified":"2022-05-02T11:50:59","modified_gmt":"2022-05-02T09:50:59","slug":"stipendien","status":"publish","type":"page","link":"https:\/\/eifm.eu\/de\/stipendien\/","title":{"rendered":"Stipendien"},"content":{"rendered":"\t\t<div data-elementor-type=\"wp-page\" data-elementor-id=\"8441\" class=\"elementor elementor-8441\">\n\t\t\t\t\t\t\t        <section class=\"elementor-section elementor-top-section elementor-element elementor-element-434bc21 elementor-section-boxed elementor-section-height-default elementor-section-height-default\" data-id=\"434bc21\" data-element_type=\"section\">\n            \n                        <div class=\"elementor-container elementor-column-gap-extended \">\n                    <div class=\"elementor-column elementor-col-100 elementor-top-column elementor-element elementor-element-5f27a12\" data-id=\"5f27a12\" data-element_type=\"column\">\n            <div class=\"elementor-widget-wrap elementor-element-populated\">\n                                <section class=\"elementor-section elementor-inner-section elementor-element elementor-element-d4a1253 elementor-section-boxed elementor-section-height-default elementor-section-height-default\" data-id=\"d4a1253\" data-element_type=\"section\" data-settings=\"{&quot;background_background&quot;:&quot;classic&quot;}\">\n            \n                        <div class=\"elementor-container elementor-column-gap-extended \">\n                    <div class=\"elementor-column elementor-col-33 elementor-inner-column elementor-element elementor-element-68d8b6d\" data-id=\"68d8b6d\" data-element_type=\"column\">\n            <div class=\"elementor-widget-wrap\">\n                                    <\/div>\n        <\/div>\n                <div class=\"elementor-column elementor-col-33 elementor-inner-column elementor-element elementor-element-d387043\" data-id=\"d387043\" data-element_type=\"column\">\n            <div class=\"elementor-widget-wrap elementor-element-populated\">\n                        \t\t<div class=\"elementor-element elementor-element-957dc7d elementor-widget elementor-widget-ct_heading\" data-id=\"957dc7d\" data-element_type=\"widget\" data-widget_type=\"ct_heading.default\">\n\t\t\t\t<div class=\"elementor-widget-container\">\n\t\t\t<div class=\"ct-heading h-align-center item-st-default\">\r\n\t\t\t<div class=\"item--sub-title style-divider-center\">\r\n            <span>\r\n                EIFM            <\/span>\r\n        <\/div>\r\n\t    <h3 class=\"item--title case-animate-time st-default \" data-wow-delay=\"ms\">\r\n        <span>Stipendien<\/span>    <\/h3>\r\n<\/div>\r\n\r\n\t\t<\/div>\n\t\t\t\t<\/div>\n\t\t\t\t<div class=\"elementor-element elementor-element-dcbcc43 elementor-widget elementor-widget-ct_text_editor\" data-id=\"dcbcc43\" data-element_type=\"widget\" data-widget_type=\"ct_text_editor.default\">\n\t\t\t\t<div class=\"elementor-widget-container\">\n\t\t\t<div id=\"ct_text_editor-dcbcc43\" class=\"ct-text-editor \" data-wow-delay=\"ms\">\n\t<div class=\"ct-inline-css\"  data-css=\"\n        \t\t\">\n\n    <\/div>\n\t<div class=\"ct-text-editor elementor-clearfix\">\n\t\t<p>Ein Studium am EIFM ist eine gro\u00dfe Investition in Ihre Zukunft. Wie jede Investition erfordert sie eine sorgf\u00e4ltige Planung und detaillierte Informationen. Wir sind uns bewusst, dass die meisten Studierenden auf mehrere Formen der Unterst\u00fctzung angewiesen sind, seien es pers\u00f6nliche Mittel, Darlehen, Stipendien oder andere Formen von Zusch\u00fcssen. Unsere Abteilung f\u00fcr finanzielle Unterst\u00fctzung hilft Ihnen, fundierte Entscheidungen zu treffen und Finanzierungsquellen zu finden, die diese Investition lohnenswert machen.<\/p><p>Im Folgenden finden Sie alle Stipendien- und F\u00f6rderungsm\u00f6glichkeiten, die wir an der European Institute of Finance &amp; Management Foundation anbieten.<\/p>\t\t\n\t<\/div>\n<\/div>\t\t<\/div>\n\t\t\t\t<\/div>\n\t\t            <\/div>\n        <\/div>\n                <div class=\"elementor-column elementor-col-33 elementor-inner-column elementor-element elementor-element-0b81baa\" data-id=\"0b81baa\" data-element_type=\"column\">\n            <div class=\"elementor-widget-wrap\">\n                                    <\/div>\n        <\/div>\n                            <\/div>\n        <\/section>\n                    <\/div>\n        <\/div>\n                            <\/div>\n        <\/section>\n                <section class=\"elementor-section elementor-top-section elementor-element elementor-element-47382b4 elementor-section-stretched elementor-section-boxed elementor-section-height-default elementor-section-height-default\" data-id=\"47382b4\" data-element_type=\"section\" data-settings=\"{&quot;stretch_section&quot;:&quot;section-stretched&quot;,&quot;background_background&quot;:&quot;classic&quot;}\">\n            \n                        <div class=\"elementor-container elementor-column-gap-extended \">\n                    <div class=\"elementor-column elementor-col-100 elementor-top-column elementor-element elementor-element-429a0c6\" data-id=\"429a0c6\" data-element_type=\"column\">\n            <div class=\"elementor-widget-wrap elementor-element-populated\">\n                        \t\t<div class=\"elementor-element elementor-element-d3d5cd6 elementor-widget elementor-widget-ct_accordion\" data-id=\"d3d5cd6\" data-element_type=\"widget\" data-widget_type=\"ct_accordion.default\">\n\t\t\t\t<div class=\"elementor-widget-container\">\n\t\t\t    <div id=\"ct_accordion-d3d5cd6\" class=\"ct-accordion layout1 \" data-wow-duration=\"1.2s\">\r\n                    <div class=\"ct-accordion-item active\">\r\n                <div class=\"ct-ac-title active\" data-target=\"#8adc458ct_accordion-d3d5cd6\">\r\n                    <a class=\"ct-ac-title-text\"><cite>01.<\/cite> EARLY-BIRD<\/a>\r\n                <\/div>\r\n                <div id=\"8adc458ct_accordion-d3d5cd6\" class=\"ct-ac-content\" style=\"display:block;\">Das Stipendium kann von jedem in Anspruch genommen werden, der sich zwischen dem 1. Januar und dem 28. Februar um ein Studium bewirbt. Jeder Student, der sich in diesem Zeitraum f\u00fcr ein Studium bewirbt und mindestens die erste Rate der Studiengeb\u00fchren bezahlt, hat Anspruch auf einen Rabatt von 15 % auf die gesamte Studiengeb\u00fchr. Die Erm\u00e4\u00dfigung gilt f\u00fcr alle postgradualen Studieng\u00e4nge.<\/div>\r\n            <\/div>\r\n                    <div class=\"ct-accordion-item \">\r\n                <div class=\"ct-ac-title \" data-target=\"#1c64b8fct_accordion-d3d5cd6\">\r\n                    <a class=\"ct-ac-title-text\"><cite>02.<\/cite> EIFM TRUST<\/a>\r\n                <\/div>\r\n                <div id=\"1c64b8fct_accordion-d3d5cd6\" class=\"ct-ac-content\">Im Rahmen dieses Stipendienprogramms gew\u00e4hrt das EIFM j\u00e4hrlich bis zu 30 Studierenden einen Nachlass auf die Studiengeb\u00fchren von fast 80 %. Die Studierenden, denen dieses Stipendium gew\u00e4hrt wird, werden in erster Linie auf der Grundlage herausragender akademischer Leistungen, Berufserfahrung und pers\u00f6nlicher Verdienste ausgew\u00e4hlt. Alle ausgew\u00e4hlten Studenten m\u00fcssen die Werte widerspiegeln, f\u00fcr die das EIFM in seinen Aktivit\u00e4ten steht.<\/div>\r\n            <\/div>\r\n                    <div class=\"ct-accordion-item \">\r\n                <div class=\"ct-ac-title \" data-target=\"#c8a39d0ct_accordion-d3d5cd6\">\r\n                    <a class=\"ct-ac-title-text\"><cite>03.<\/cite> WOMEN LEADERS<\/a>\r\n                <\/div>\r\n                <div id=\"c8a39d0ct_accordion-d3d5cd6\" class=\"ct-ac-content\">Wir bei EIFM wollen Frauen unterst\u00fctzen, die in nationalen und multinationalen Unternehmen zum Management geh\u00f6ren oder andere F\u00fchrungspositionen einnehmen werden. Daher unterst\u00fctzen wir mit diesem Stipendium Frauen, die eine herausragende berufliche Erfolgsbilanz vorweisen k\u00f6nnen und das Potenzial haben, in ihrem Bereich eine F\u00fchrungsrolle zu \u00fcbernehmen. Bewerberinnen f\u00fcr dieses Stipendium sollten beispielhafte F\u00fchrungsqualit\u00e4ten, kreative F\u00fchrungsqualit\u00e4ten und ein Engagement f\u00fcr die F\u00f6rderung der Interessen und Karriereziele von Frauen nachweisen. Die maximale H\u00f6he des Stipendiums betr\u00e4gt 50% der Studiengeb\u00fchren.<\/div>\r\n            <\/div>\r\n                    <div class=\"ct-accordion-item \">\r\n                <div class=\"ct-ac-title \" data-target=\"#f0bee58ct_accordion-d3d5cd6\">\r\n                    <a class=\"ct-ac-title-text\"><cite>04.<\/cite> UNTERNEHMERISCHES STIPENDIUM<\/a>\r\n                <\/div>\r\n                <div id=\"f0bee58ct_accordion-d3d5cd6\" class=\"ct-ac-content\">Diese Art von Stipendium wird an Bewerber mit ausgepr\u00e4gtem Unternehmergeist vergeben, die herausragende unternehmerische Leistungen, ein hohes Ma\u00df an Unternehmergeist und Kreativit\u00e4t aufweisen. Dazu sollte auch die Verpflichtung geh\u00f6ren, einen Beitrag zum EIFM-Bildungssystem zu leisten.<\/div>\r\n            <\/div>\r\n                    <div class=\"ct-accordion-item \">\r\n                <div class=\"ct-ac-title \" data-target=\"#af0381act_accordion-d3d5cd6\">\r\n                    <a class=\"ct-ac-title-text\"><cite>05.<\/cite> FAMILIENSTIPENDIUM<\/a>\r\n                <\/div>\r\n                <div id=\"af0381act_accordion-d3d5cd6\" class=\"ct-ac-content\">Am EIFM legen wir gro\u00dfen Wert auf Familie und die damit verbundenen Werte. Daher sch\u00e4tzen und begr\u00fc\u00dfen wir Studenten mit Familie und vergeben Stipendien an diejenigen, die nach Meinung unseres Stipendienausschusses finanzielle Unterst\u00fctzung verdienen. Stipendien werden auch dann vergeben, wenn sich mehr als ein Mitglied derselben Familie um das Stipendium bewirbt.<\/div>\r\n            <\/div>\r\n                    <div class=\"ct-accordion-item \">\r\n                <div class=\"ct-ac-title \" data-target=\"#106666act_accordion-d3d5cd6\">\r\n                    <a class=\"ct-ac-title-text\"><cite>06.<\/cite> STIPENDIUM F\u00dcR INNOVATION<\/a>\r\n                <\/div>\r\n                <div id=\"106666act_accordion-d3d5cd6\" class=\"ct-ac-content\">Bewerber, die einen bedeutenden Beitrag zur Wissenschaft oder zu neuen Technologien geleistet haben und \u00fcber das Potenzial f\u00fcr Innovation und technologischen Fortschritt verf\u00fcgen, k\u00f6nnen sich auch f\u00fcr ein Stipendium bewerben, das vergeben wird, wenn sie besondere Fachkenntnisse in modernen Technologiebereichen wie Big Data, digitale Transformation, k\u00fcnstliche Intelligenz oder Programmierung nachweisen k\u00f6nnen.<\/div>\r\n            <\/div>\r\n            <\/div>\r\n\t\t<\/div>\n\t\t\t\t<\/div>\n\t\t            <\/div>\n        <\/div>\n                            <\/div>\n        <\/section>\n        \t\t\t\t\t<\/div>\n\t\t","protected":false},"excerpt":{"rendered":"<p>EIFM Stipendien Ein Studium am EIFM ist eine gro\u00dfe Investition in Ihre Zukunft. Wie jede Investition erfordert sie eine sorgf\u00e4ltige Planung und detaillierte Informationen. Wir sind uns bewusst, dass die meisten Studierenden auf mehrere Formen der Unterst\u00fctzung angewiesen sind, seien es pers\u00f6nliche Mittel, Darlehen, Stipendien oder andere Formen von Zusch\u00fcssen. Unsere Abteilung f\u00fcr finanzielle Unterst\u00fctzung [&hellip;]<\/p>\n","protected":false},"author":1,"featured_media":0,"parent":0,"menu_order":0,"comment_status":"closed","ping_status":"closed","template":"","meta":{"_mi_skip_tracking":false,"_monsterinsights_sitenote_active":false,"_monsterinsights_sitenote_note":"","_monsterinsights_sitenote_category":0},"yoast_head":"<!-- This site is optimized with the Yoast SEO Premium plugin v16.1 - https:\/\/yoast.com\/wordpress\/plugins\/seo\/ -->\n<title>Stipendien - European Institute of Finance and Management<\/title>\n<link rel=\"canonical\" href=\"https:\/\/eifm.eu\/de\/stipendien\/\" \/>\n<meta property=\"og:locale\" content=\"de_DE\" \/>\n<meta property=\"og:type\" content=\"article\" \/>\n<meta property=\"og:title\" content=\"Stipendien - European Institute of Finance and Management\" \/>\n<meta property=\"og:description\" content=\"EIFM Stipendien Ein Studium am EIFM ist eine gro\u00dfe Investition in Ihre Zukunft. Wie jede Investition erfordert sie eine sorgf\u00e4ltige Planung und detaillierte Informationen. Wir sind uns bewusst, dass die meisten Studierenden auf mehrere Formen der Unterst\u00fctzung angewiesen sind, seien es pers\u00f6nliche Mittel, Darlehen, Stipendien oder andere Formen von Zusch\u00fcssen. Unsere Abteilung f\u00fcr finanzielle Unterst\u00fctzung [&hellip;]\" \/>\n<meta property=\"og:url\" content=\"https:\/\/eifm.eu\/de\/stipendien\/\" \/>\n<meta property=\"og:site_name\" content=\"European Institute of Finance and Management\" \/>\n<meta property=\"article:publisher\" content=\"https:\/\/www.facebook.com\/EIFM.eu\/\" \/>\n<meta property=\"article:modified_time\" content=\"2022-05-02T09:50:59+00:00\" \/>\n<meta name=\"twitter:card\" content=\"summary_large_image\" \/>\n<meta name=\"twitter:label1\" content=\"Gesch\u00e4tzte Lesezeit\">\n\t<meta name=\"twitter:data1\" content=\"2 Minuten\">\n<script type=\"application\/ld+json\" class=\"yoast-schema-graph\">{\"@context\":\"https:\/\/schema.org\",\"@graph\":[{\"@type\":\"Organization\",\"@id\":\"https:\/\/eifm.eu\/#organization\",\"name\":\"European Institute of Finance and Management\",\"url\":\"https:\/\/eifm.eu\/\",\"sameAs\":[\"https:\/\/www.facebook.com\/EIFM.eu\/\",\"https:\/\/www.linkedin.com\/company\/european-institute-of-finance-and-management\/\"],\"logo\":{\"@type\":\"ImageObject\",\"@id\":\"https:\/\/eifm.eu\/#logo\",\"inLanguage\":\"de-DE\",\"url\":\"https:\/\/eifm.eu\/wp-content\/uploads\/2022\/03\/eifm.png\",\"contentUrl\":\"https:\/\/eifm.eu\/wp-content\/uploads\/2022\/03\/eifm.png\",\"width\":541,\"height\":162,\"caption\":\"European Institute of Finance and Management\"},\"image\":{\"@id\":\"https:\/\/eifm.eu\/#logo\"}},{\"@type\":\"WebSite\",\"@id\":\"https:\/\/eifm.eu\/#website\",\"url\":\"https:\/\/eifm.eu\/\",\"name\":\"European Institute of Finance and Management\",\"description\":\"\",\"publisher\":{\"@id\":\"https:\/\/eifm.eu\/#organization\"},\"potentialAction\":[{\"@type\":\"SearchAction\",\"target\":\"https:\/\/eifm.eu\/?s={search_term_string}\",\"query-input\":\"required name=search_term_string\"}],\"inLanguage\":\"de-DE\"},{\"@type\":\"WebPage\",\"@id\":\"https:\/\/eifm.eu\/de\/stipendien\/#webpage\",\"url\":\"https:\/\/eifm.eu\/de\/stipendien\/\",\"name\":\"Stipendien - European Institute of Finance and Management\",\"isPartOf\":{\"@id\":\"https:\/\/eifm.eu\/#website\"},\"datePublished\":\"2022-05-02T08:04:42+00:00\",\"dateModified\":\"2022-05-02T09:50:59+00:00\",\"breadcrumb\":{\"@id\":\"https:\/\/eifm.eu\/de\/stipendien\/#breadcrumb\"},\"inLanguage\":\"de-DE\",\"potentialAction\":[{\"@type\":\"ReadAction\",\"target\":[\"https:\/\/eifm.eu\/de\/stipendien\/\"]}]},{\"@type\":\"BreadcrumbList\",\"@id\":\"https:\/\/eifm.eu\/de\/stipendien\/#breadcrumb\",\"itemListElement\":[{\"@type\":\"ListItem\",\"position\":1,\"item\":{\"@type\":\"WebPage\",\"@id\":\"https:\/\/eifm.eu\/de\/\",\"url\":\"https:\/\/eifm.eu\/de\/\",\"name\":\"Home\"}},{\"@type\":\"ListItem\",\"position\":2,\"item\":{\"@type\":\"WebPage\",\"@id\":\"https:\/\/eifm.eu\/de\/stipendien\/\",\"url\":\"https:\/\/eifm.eu\/de\/stipendien\/\",\"name\":\"Stipendien\"}}]}]}<\/script>\n<!-- \/ Yoast SEO Premium plugin. -->","_links":{"self":[{"href":"https:\/\/eifm.eu\/de\/wp-json\/wp\/v2\/pages\/8441"}],"collection":[{"href":"https:\/\/eifm.eu\/de\/wp-json\/wp\/v2\/pages"}],"about":[{"href":"https:\/\/eifm.eu\/de\/wp-json\/wp\/v2\/types\/page"}],"author":[{"embeddable":true,"href":"https:\/\/eifm.eu\/de\/wp-json\/wp\/v2\/users\/1"}],"replies":[{"embeddable":true,"href":"https:\/\/eifm.eu\/de\/wp-json\/wp\/v2\/comments?post=8441"}],"version-history":[{"count":3,"href":"https:\/\/eifm.eu\/de\/wp-json\/wp\/v2\/pages\/8441\/revisions"}],"predecessor-version":[{"id":8584,"href":"https:\/\/eifm.eu\/de\/wp-json\/wp\/v2\/pages\/8441\/revisions\/8584"}],"wp:attachment":[{"href":"https:\/\/eifm.eu\/de\/wp-json\/wp\/v2\/media?parent=8441"}],"curies":[{"name":"wp","href":"https:\/\/api.w.org\/{rel}","templated":true}]}}