{"id":8436,"date":"2022-05-02T09:23:06","date_gmt":"2022-05-02T07:23:06","guid":{"rendered":"https:\/\/eifm.eu\/faq\/"},"modified":"2022-05-02T17:41:07","modified_gmt":"2022-05-02T15:41:07","slug":"faq","status":"publish","type":"page","link":"https:\/\/eifm.eu\/de\/faq\/","title":{"rendered":"FAQ"},"content":{"rendered":"\t\t<div data-elementor-type=\"wp-page\" data-elementor-id=\"8436\" class=\"elementor elementor-8436\">\n\t\t\t\t\t\t\t        <section class=\"elementor-section elementor-top-section elementor-element elementor-element-434bc21 elementor-section-boxed elementor-section-height-default elementor-section-height-default\" data-id=\"434bc21\" data-element_type=\"section\">\n            \n                        <div class=\"elementor-container elementor-column-gap-extended \">\n                    <div class=\"elementor-column elementor-col-100 elementor-top-column elementor-element elementor-element-5f27a12\" data-id=\"5f27a12\" data-element_type=\"column\">\n            <div class=\"elementor-widget-wrap elementor-element-populated\">\n                                <section class=\"elementor-section elementor-inner-section elementor-element elementor-element-d4a1253 elementor-section-boxed elementor-section-height-default elementor-section-height-default\" data-id=\"d4a1253\" data-element_type=\"section\" data-settings=\"{&quot;background_background&quot;:&quot;classic&quot;}\">\n            \n                        <div class=\"elementor-container elementor-column-gap-extended \">\n                    <div class=\"elementor-column elementor-col-33 elementor-inner-column elementor-element elementor-element-68d8b6d\" data-id=\"68d8b6d\" data-element_type=\"column\">\n            <div class=\"elementor-widget-wrap\">\n                                    <\/div>\n        <\/div>\n                <div class=\"elementor-column elementor-col-33 elementor-inner-column elementor-element elementor-element-d387043\" data-id=\"d387043\" data-element_type=\"column\">\n            <div class=\"elementor-widget-wrap elementor-element-populated\">\n                        \t\t<div class=\"elementor-element elementor-element-957dc7d elementor-widget elementor-widget-ct_heading\" data-id=\"957dc7d\" data-element_type=\"widget\" data-widget_type=\"ct_heading.default\">\n\t\t\t\t<div class=\"elementor-widget-container\">\n\t\t\t<div class=\"ct-heading h-align-center item-st-default\">\r\n\t\t\t<div class=\"item--sub-title style-divider-center\">\r\n            <span>\r\n                FAQ            <\/span>\r\n        <\/div>\r\n\t    <h3 class=\"item--title case-animate-time st-default \" data-wow-delay=\"ms\">\r\n        <span>H\u00e4ufig gestellte Fragen<\/span>    <\/h3>\r\n<\/div>\r\n\r\n\t\t<\/div>\n\t\t\t\t<\/div>\n\t\t\t\t<div class=\"elementor-element elementor-element-dcbcc43 elementor-widget elementor-widget-ct_text_editor\" data-id=\"dcbcc43\" data-element_type=\"widget\" data-widget_type=\"ct_text_editor.default\">\n\t\t\t\t<div class=\"elementor-widget-container\">\n\t\t\t<div id=\"ct_text_editor-dcbcc43\" class=\"ct-text-editor \" data-wow-delay=\"ms\">\n\t<div class=\"ct-inline-css\"  data-css=\"\n        \t\t\">\n\n    <\/div>\n\t<div class=\"ct-text-editor elementor-clearfix\">\n\t\t<p>Auf dieser Seite finden Sie die am h\u00e4ufigsten gestellten Fragen zum Studium an unserem Institut.<\/p>\t\t\n\t<\/div>\n<\/div>\t\t<\/div>\n\t\t\t\t<\/div>\n\t\t            <\/div>\n        <\/div>\n                <div class=\"elementor-column elementor-col-33 elementor-inner-column elementor-element elementor-element-0b81baa\" data-id=\"0b81baa\" data-element_type=\"column\">\n            <div class=\"elementor-widget-wrap\">\n                                    <\/div>\n        <\/div>\n                            <\/div>\n        <\/section>\n                    <\/div>\n        <\/div>\n                            <\/div>\n        <\/section>\n                <section class=\"elementor-section elementor-top-section elementor-element elementor-element-47382b4 elementor-section-stretched elementor-section-boxed elementor-section-height-default elementor-section-height-default\" data-id=\"47382b4\" data-element_type=\"section\" data-settings=\"{&quot;stretch_section&quot;:&quot;section-stretched&quot;,&quot;background_background&quot;:&quot;classic&quot;}\">\n            \n                        <div class=\"elementor-container elementor-column-gap-extended \">\n                    <div class=\"elementor-column elementor-col-100 elementor-top-column elementor-element elementor-element-429a0c6\" data-id=\"429a0c6\" data-element_type=\"column\">\n            <div class=\"elementor-widget-wrap elementor-element-populated\">\n                        \t\t<div class=\"elementor-element elementor-element-d3d5cd6 elementor-widget elementor-widget-ct_accordion\" data-id=\"d3d5cd6\" data-element_type=\"widget\" data-widget_type=\"ct_accordion.default\">\n\t\t\t\t<div class=\"elementor-widget-container\">\n\t\t\t    <div id=\"ct_accordion-d3d5cd6\" class=\"ct-accordion layout1 \" data-wow-duration=\"1.2s\">\r\n                    <div class=\"ct-accordion-item active\">\r\n                <div class=\"ct-ac-title active\" data-target=\"#8adc458ct_accordion-d3d5cd6\">\r\n                    <a class=\"ct-ac-title-text\"><cite>01.<\/cite> Welche Studieng\u00e4nge bietet das EIFM an?<\/a>\r\n                <\/div>\r\n                <div id=\"8adc458ct_accordion-d3d5cd6\" class=\"ct-ac-content\" style=\"display:block;\">Am EIFM bieten wir zahlreiche Studieng\u00e4nge und Nicht-Studieng\u00e4nge an. Zu unseren Studienprogrammen geh\u00f6ren Master in Management (MiM), MBA, DBA und Master of Accounting (MAcc). Dar\u00fcber hinaus haben wir ein breites Angebot an kurzen Intensivkursen f\u00fcr Management, die sich auf bestimmte F\u00e4higkeiten oder Sektoren konzentrieren.<\/div>\r\n            <\/div>\r\n                    <div class=\"ct-accordion-item \">\r\n                <div class=\"ct-ac-title \" data-target=\"#1c64b8fct_accordion-d3d5cd6\">\r\n                    <a class=\"ct-ac-title-text\"><cite>02.<\/cite> Kann ich mich f\u00fcr ein Studium bewerben, bevor ich meinen Bachelor-Abschluss gemacht habe?<\/a>\r\n                <\/div>\r\n                <div id=\"1c64b8fct_accordion-d3d5cd6\" class=\"ct-ac-content\">Ja, das Programm Master in Management (MiM) ist speziell f\u00fcr Studenten gedacht, die ihr Grundstudium abschlie\u00dfen oder gerade abgeschlossen haben. Eine kleine Anzahl unserer MBA-Studenten bewirbt sich auch w\u00e4hrend des letzten Jahres ihres Grundstudiums. <\/div>\r\n            <\/div>\r\n                    <div class=\"ct-accordion-item \">\r\n                <div class=\"ct-ac-title \" data-target=\"#c8a39d0ct_accordion-d3d5cd6\">\r\n                    <a class=\"ct-ac-title-text\"><cite>03.<\/cite> Muss ich Berufserfahrung haben, um am EIFM zu studieren?<\/a>\r\n                <\/div>\r\n                <div id=\"c8a39d0ct_accordion-d3d5cd6\" class=\"ct-ac-content\">Die meisten Studenten am EIFM haben bereits Berufserfahrung oder sind derzeit berufst\u00e4tig. F\u00fcr unseren Master of Management (MiM) ist jedoch keine Berufserfahrung erforderlich.<br \/>\n<\/div>\r\n            <\/div>\r\n                    <div class=\"ct-accordion-item \">\r\n                <div class=\"ct-ac-title \" data-target=\"#f0bee58ct_accordion-d3d5cd6\">\r\n                    <a class=\"ct-ac-title-text\"><cite>04.<\/cite> Wie international ist das Lernumfeld am EIFM?<\/a>\r\n                <\/div>\r\n                <div id=\"f0bee58ct_accordion-d3d5cd6\" class=\"ct-ac-content\">Das Lernumfeld am EIFM ist in jeder Hinsicht global. Wir haben Standorte in mehr als f\u00fcnf St\u00e4dten in ganz Europa und Programme und Module in Dutzenden weiteren, unsere Studiengruppe ist sehr international und unsere Professoren und Mitarbeiter kommen aus mehr als 50 verschiedenen L\u00e4ndern. Allein im MBA-Programm sind derzeit \u00fcber 85 Nationalit\u00e4ten vertreten.<\/div>\r\n            <\/div>\r\n                    <div class=\"ct-accordion-item \">\r\n                <div class=\"ct-ac-title \" data-target=\"#af0381act_accordion-d3d5cd6\">\r\n                    <a class=\"ct-ac-title-text\"><cite>05.<\/cite> Welche Lehrmethoden werden im Unterricht eingesetzt?<\/a>\r\n                <\/div>\r\n                <div id=\"af0381act_accordion-d3d5cd6\" class=\"ct-ac-content\">Das EIFM hat von Anfang an die Fallmethode als Grundlage f\u00fcr seine Lehrmethoden verwendet, die sich mit realen Gesch\u00e4ftsbeispielen befasst. Wir arbeiten jedoch st\u00e4ndig an Innovationen und f\u00fchren andere aktive Lernmethoden wie Simulationen, Coaching und Mentoring ein. Wir integrieren auch mehr digitale Elemente in unseren Unterricht.<\/div>\r\n            <\/div>\r\n                    <div class=\"ct-accordion-item \">\r\n                <div class=\"ct-ac-title \" data-target=\"#106666act_accordion-d3d5cd6\">\r\n                    <a class=\"ct-ac-title-text\"><cite>06.<\/cite> Kann ich Artikel in Ihren Blogs ver\u00f6ffentlichen?<\/a>\r\n                <\/div>\r\n                <div id=\"106666act_accordion-d3d5cd6\" class=\"ct-ac-content\">Die meisten Beitr\u00e4ge in unserem Blog werden von unseren Professoren oder Mitarbeitern der Schule verfasst, die \u00fcber besondere Fachkenntnisse auf diesem Gebiet verf\u00fcgen. Wir akzeptieren derzeit keine Beitr\u00e4ge von Personen au\u00dferhalb der Schule, aber alles geschieht nach individueller Absprache. Sie k\u00f6nnen sich also gerne an uns wenden, und vielleicht k\u00f6nnen wir in dieser Hinsicht eine L\u00f6sung finden, die es Ihnen erm\u00f6glicht, bei uns zu ver\u00f6ffentlichen.<\/div>\r\n            <\/div>\r\n                    <div class=\"ct-accordion-item \">\r\n                <div class=\"ct-ac-title \" data-target=\"#b515136ct_accordion-d3d5cd6\">\r\n                    <a class=\"ct-ac-title-text\"><cite>07.<\/cite> Was ist die Aufgabe des EIFM?<\/a>\r\n                <\/div>\r\n                <div id=\"b515136ct_accordion-d3d5cd6\" class=\"ct-ac-content\">Die Aufgabe des EIFM besteht darin, F\u00fchrungskr\u00e4fte auszubilden, die sich bem\u00fchen, durch berufliche Spitzenleistungen und Integrit\u00e4t einen tiefgreifenden, positiven und dauerhaften Einfluss auf Menschen, Gemeinschaften und die Gesellschaft auszu\u00fcben.<\/div>\r\n            <\/div>\r\n                    <div class=\"ct-accordion-item \">\r\n                <div class=\"ct-ac-title \" data-target=\"#fac297bct_accordion-d3d5cd6\">\r\n                    <a class=\"ct-ac-title-text\"><cite>08.<\/cite> Was ist der Unterschied zwischen einem MBA und einem Master in Management?<\/a>\r\n                <\/div>\r\n                <div id=\"fac297bct_accordion-d3d5cd6\" class=\"ct-ac-content\">Der Master of Management (MiM) richtet sich an Studierende, die gerade ihre Sekundarschulausbildung abgeschlossen haben oder kurz vor dem Abschluss ihres Bachelor-Studiums stehen, weniger als ein Jahr Berufserfahrung haben und ihre unternehmerische Laufbahn beginnen wollen. Der typische MBA-Kandidat hat f\u00fcnf bis sechs Jahre Berufserfahrung.<\/div>\r\n            <\/div>\r\n                    <div class=\"ct-accordion-item \">\r\n                <div class=\"ct-ac-title \" data-target=\"#b7a288dct_accordion-d3d5cd6\">\r\n                    <a class=\"ct-ac-title-text\"><cite>09.<\/cite> Was sind die sprachlichen Voraussetzungen f\u00fcr den MBA am EIFM?<\/a>\r\n                <\/div>\r\n                <div id=\"b7a288dct_accordion-d3d5cd6\" class=\"ct-ac-content\">Englisch ist die allgemeine Unterrichtssprache am EIFM, aber alles ist von Campus zu Campus unterschiedlich. In dieser Hinsicht ist es immer eine gute Idee, sich mit der Studienabteilung des jeweiligen Campus in Verbindung zu setzen, um herauszufinden, welche Bedingungen der Campus f\u00fcr das Studium verlangt.<\/div>\r\n            <\/div>\r\n                    <div class=\"ct-accordion-item \">\r\n                <div class=\"ct-ac-title \" data-target=\"#924a939ct_accordion-d3d5cd6\">\r\n                    <a class=\"ct-ac-title-text\"><cite>10.<\/cite> Wann ist die Bewerbungsfrist f\u00fcr das MBA-Programm?<\/a>\r\n                <\/div>\r\n                <div id=\"924a939ct_accordion-d3d5cd6\" class=\"ct-ac-content\">Je fr\u00fcher Sie sich f\u00fcr ein MBA-Studium bewerben, desto besser. Aber das h\u00e4ngt ganz von Ihnen und Ihren Ambitionen ab. Da das gesamte Studium auf ein Online-Format abgestimmt und v\u00f6llig unabh\u00e4ngig von bestimmten Fristen und Terminen ist, gibt es keine bestimmten Termine, bis zu denen Sie sich f\u00fcr das Studium bewerben m\u00fcssen. Sobald Sie alle mit der Aufnahme des Studiums verbundenen Verwaltungsangelegenheiten erledigt haben, k\u00f6nnen Sie Ihr Studium jederzeit aufnehmen.<\/div>\r\n            <\/div>\r\n                    <div class=\"ct-accordion-item \">\r\n                <div class=\"ct-ac-title \" data-target=\"#56a7850ct_accordion-d3d5cd6\">\r\n                    <a class=\"ct-ac-title-text\"><cite>11.<\/cite> Ist es m\u00f6glich, ein Stipendium f\u00fcr ein Studium am EIFM zu erhalten?<\/a>\r\n                <\/div>\r\n                <div id=\"56a7850ct_accordion-d3d5cd6\" class=\"ct-ac-content\">Ja, es gibt eine Reihe von Stipendien f\u00fcr EIFM-Studenten, die sich nach Leistung und finanzieller Bed\u00fcrftigkeit richten. Wenden Sie sich f\u00fcr weitere Informationen immer an die akademische Abteilung des Campus, an dem Sie studieren m\u00f6chten.<\/div>\r\n            <\/div>\r\n                    <div class=\"ct-accordion-item \">\r\n                <div class=\"ct-ac-title \" data-target=\"#54567aect_accordion-d3d5cd6\">\r\n                    <a class=\"ct-ac-title-text\"><cite>12.<\/cite> Welche Stipendien bietet das EIFM an?<\/a>\r\n                <\/div>\r\n                <div id=\"54567aect_accordion-d3d5cd6\" class=\"ct-ac-content\">Das EIFM bietet eine Reihe von Stipendien f\u00fcr Studierende an, darunter Stipendien f\u00fcr MBA-Kandidaten, die Frauen sind, aus Entwicklungsl\u00e4ndern kommen, herausragende Leistungen erbringen und vieles mehr. Besuchen Sie die EIFM-Website, um sich \u00fcber Finanzierungsm\u00f6glichkeiten zu informieren und um weitere Unterst\u00fctzung von unserer Abteilung f\u00fcr Studentenbetreuung an jedem Campus zu erhalten.<\/div>\r\n            <\/div>\r\n                    <div class=\"ct-accordion-item \">\r\n                <div class=\"ct-ac-title \" data-target=\"#184c3a8ct_accordion-d3d5cd6\">\r\n                    <a class=\"ct-ac-title-text\"><cite>13.<\/cite> Wie hoch ist die durchschnittliche Besch\u00e4ftigungsf\u00e4higkeit Ihrer MBA-Absolventen?<\/a>\r\n                <\/div>\r\n                <div id=\"184c3a8ct_accordion-d3d5cd6\" class=\"ct-ac-content\">MBA-Absolventen des EIFM sind auf dem Arbeitsmarkt sehr gefragt. Laut unserem letzten Besch\u00e4ftigungsbericht hatten 94 % unserer Studenten innerhalb von drei Monaten nach ihrem Abschluss mindestens ein Jobangebot von einem multinationalen Unternehmen.<\/div>\r\n            <\/div>\r\n            <\/div>\r\n\t\t<\/div>\n\t\t\t\t<\/div>\n\t\t            <\/div>\n        <\/div>\n                            <\/div>\n        <\/section>\n                <section class=\"elementor-section elementor-top-section elementor-element elementor-element-066b049 elementor-section-boxed elementor-section-height-default elementor-section-height-default\" data-id=\"066b049\" data-element_type=\"section\">\n            \n                        <div class=\"elementor-container elementor-column-gap-extended \">\n                    <div class=\"elementor-column elementor-col-100 elementor-top-column elementor-element elementor-element-6c8edd4\" data-id=\"6c8edd4\" data-element_type=\"column\">\n            <div class=\"elementor-widget-wrap elementor-element-populated\">\n                                <section class=\"elementor-section elementor-inner-section elementor-element elementor-element-33aa7fc elementor-section-content-middle elementor-section-boxed elementor-section-height-default elementor-section-height-default\" data-id=\"33aa7fc\" data-element_type=\"section\">\n            \n                        <div class=\"elementor-container elementor-column-gap-extended \">\n                    <div class=\"elementor-column elementor-col-100 elementor-inner-column elementor-element elementor-element-cc315dc\" data-id=\"cc315dc\" data-element_type=\"column\">\n            <div class=\"elementor-widget-wrap elementor-element-populated\">\n                        \t\t<div class=\"elementor-element elementor-element-aebdbc5 elementor-widget elementor-widget-ct_heading\" data-id=\"aebdbc5\" data-element_type=\"widget\" data-widget_type=\"ct_heading.default\">\n\t\t\t\t<div class=\"elementor-widget-container\">\n\t\t\t<div class=\"ct-heading h-align- item-st-default\">\r\n\t    <h5 class=\"item--title case-animate-time st-default \" data-wow-delay=\"ms\">\r\n        <span>Haben Sie die Antwort auf Ihre Frage nicht gefunden? Z\u00f6gern Sie nicht, uns zu kontaktieren!<\/span>    <\/h5>\r\n<\/div>\r\n\r\n\t\t<\/div>\n\t\t\t\t<\/div>\n\t\t\t\t<div class=\"elementor-element elementor-element-f32a73e elementor-widget elementor-widget-shortcode\" data-id=\"f32a73e\" data-element_type=\"widget\" data-widget_type=\"shortcode.default\">\n\t\t\t\t<div class=\"elementor-widget-container\">\n\t\t\t\t\t<div class=\"elementor-shortcode\">\n                <div class='gf_browser_gecko gform_wrapper' id='gform_wrapper_7' ><form method='post' enctype='multipart\/form-data'  id='gform_7'  action='\/de\/wp-json\/wp\/v2\/pages\/8436'>\n                        <div class='gform_heading'>\n                            <span class='gform_description'><\/span>\n                        <\/div>\n                        <div class='gform_body'><ul id='gform_fields_7' class='gform_fields top_label form_sublabel_below description_below'><li id='field_7_5'  class='gfield gfield_contains_required field_sublabel_below field_description_below gfield_visibility_visible' ><label class='gfield_label' for='input_7_5' >Ihr Name<span class='gfield_required'>*<\/span><\/label><div class='ginput_container ginput_container_text'><input name='input_5' id='input_7_5' type='text' value='' class='large'     aria-required=\"true\" aria-invalid=\"false\" \/><\/div><\/li><li id='field_7_11'  class='gfield gfield_contains_required field_sublabel_below field_description_below gfield_visibility_visible' ><label class='gfield_label' for='input_7_11' >Ihre E-Mail<span class='gfield_required'>*<\/span><\/label><div class='ginput_container ginput_container_email'>\n                            <input name='input_11' id='input_7_11' type='text' value='' class='large'    aria-required=\"true\" aria-invalid=\"false\" \/>\n                        <\/div><\/li><li id='field_7_13'  class='gfield gfield_contains_required field_sublabel_below field_description_below gfield_visibility_visible' ><label class='gfield_label' for='input_7_13' >Nachricht<span class='gfield_required'>*<\/span><\/label><div class='ginput_container ginput_container_textarea'><textarea name='input_13' id='input_7_13' class='textarea medium'     aria-required=\"true\" aria-invalid=\"false\"   rows='10' cols='50'><\/textarea><\/div><\/li>\n                            <\/ul><\/div>\n        <div class='gform_footer top_label'> <input type='submit' id='gform_submit_button_7' class='gform_button button' value='Schicken'  onclick='if(window[\"gf_submitting_7\"]){return false;}  window[\"gf_submitting_7\"]=true;  ' onkeypress='if( event.keyCode == 13 ){ if(window[\"gf_submitting_7\"]){return false;} window[\"gf_submitting_7\"]=true;  jQuery(\"#gform_7\").trigger(\"submit\",[true]); }' \/> \n            <input type='hidden' class='gform_hidden' name='is_submit_7' value='1' \/>\n            <input type='hidden' class='gform_hidden' name='gform_submit' value='7' \/>\n            \n            <input type='hidden' class='gform_hidden' name='gform_unique_id' value='' \/>\n            <input type='hidden' class='gform_hidden' name='state_7' value='WyJbXSIsImEyZDg0Yzg0MDVkNGU3YWQ5M2M1OTg4OTNhZWQzN2QzIl0=' \/>\n            <input type='hidden' class='gform_hidden' name='gform_target_page_number_7' id='gform_target_page_number_7' value='0' \/>\n            <input type='hidden' class='gform_hidden' name='gform_source_page_number_7' id='gform_source_page_number_7' value='1' \/>\n            <input type='hidden' name='gform_field_values' value='' \/>\n            \n        <\/div>\n                        <\/form>\n                        <\/div><script type='text\/javascript'> jQuery(document).bind('gform_post_render', function(event, formId, currentPage){if(formId == 7) {} } );jQuery(document).bind('gform_post_conditional_logic', function(event, formId, fields, isInit){} );<\/script><script type='text\/javascript'> jQuery(document).ready(function(){jQuery(document).trigger('gform_post_render', [7, 1]) } ); <\/script><\/div>\n\t\t\t\t<\/div>\n\t\t\t\t<\/div>\n\t\t            <\/div>\n        <\/div>\n                            <\/div>\n        <\/section>\n                    <\/div>\n        <\/div>\n                            <\/div>\n        <\/section>\n        \t\t\t\t\t<\/div>\n\t\t","protected":false},"excerpt":{"rendered":"<p>FAQ H\u00e4ufig gestellte Fragen Auf dieser Seite finden Sie die am h\u00e4ufigsten gestellten Fragen zum Studium an unserem Institut. 01. Welche Studieng\u00e4nge bietet das EIFM an? Am EIFM bieten wir zahlreiche Studieng\u00e4nge und Nicht-Studieng\u00e4nge an. Zu unseren Studienprogrammen geh\u00f6ren Master in Management (MiM), MBA, DBA und Master of Accounting (MAcc). Dar\u00fcber hinaus haben wir ein [&hellip;]<\/p>\n","protected":false},"author":1,"featured_media":0,"parent":0,"menu_order":0,"comment_status":"closed","ping_status":"closed","template":"","meta":{"_mi_skip_tracking":false,"_monsterinsights_sitenote_active":false,"_monsterinsights_sitenote_note":"","_monsterinsights_sitenote_category":0},"yoast_head":"<!-- This site is optimized with the Yoast SEO Premium plugin v16.1 - https:\/\/yoast.com\/wordpress\/plugins\/seo\/ -->\n<title>FAQ - European Institute of Finance and Management<\/title>\n<link rel=\"canonical\" href=\"https:\/\/eifm.eu\/de\/faq\/\" \/>\n<meta property=\"og:locale\" content=\"de_DE\" \/>\n<meta property=\"og:type\" content=\"article\" \/>\n<meta property=\"og:title\" content=\"FAQ - European Institute of Finance and Management\" \/>\n<meta property=\"og:description\" content=\"FAQ H\u00e4ufig gestellte Fragen Auf dieser Seite finden Sie die am h\u00e4ufigsten gestellten Fragen zum Studium an unserem Institut. 01. Welche Studieng\u00e4nge bietet das EIFM an? Am EIFM bieten wir zahlreiche Studieng\u00e4nge und Nicht-Studieng\u00e4nge an. Zu unseren Studienprogrammen geh\u00f6ren Master in Management (MiM), MBA, DBA und Master of Accounting (MAcc). Dar\u00fcber hinaus haben wir ein [&hellip;]\" \/>\n<meta property=\"og:url\" content=\"https:\/\/eifm.eu\/de\/faq\/\" \/>\n<meta property=\"og:site_name\" content=\"European Institute of Finance and Management\" \/>\n<meta property=\"article:publisher\" content=\"https:\/\/www.facebook.com\/EIFM.eu\/\" \/>\n<meta property=\"article:modified_time\" content=\"2022-05-02T15:41:07+00:00\" \/>\n<meta name=\"twitter:card\" content=\"summary_large_image\" \/>\n<meta name=\"twitter:label1\" content=\"Gesch\u00e4tzte Lesezeit\">\n\t<meta name=\"twitter:data1\" content=\"4 Minuten\">\n<script type=\"application\/ld+json\" class=\"yoast-schema-graph\">{\"@context\":\"https:\/\/schema.org\",\"@graph\":[{\"@type\":\"Organization\",\"@id\":\"https:\/\/eifm.eu\/#organization\",\"name\":\"European Institute of Finance and Management\",\"url\":\"https:\/\/eifm.eu\/\",\"sameAs\":[\"https:\/\/www.facebook.com\/EIFM.eu\/\",\"https:\/\/www.linkedin.com\/company\/european-institute-of-finance-and-management\/\"],\"logo\":{\"@type\":\"ImageObject\",\"@id\":\"https:\/\/eifm.eu\/#logo\",\"inLanguage\":\"de-DE\",\"url\":\"https:\/\/eifm.eu\/wp-content\/uploads\/2022\/03\/eifm.png\",\"contentUrl\":\"https:\/\/eifm.eu\/wp-content\/uploads\/2022\/03\/eifm.png\",\"width\":541,\"height\":162,\"caption\":\"European Institute of Finance and Management\"},\"image\":{\"@id\":\"https:\/\/eifm.eu\/#logo\"}},{\"@type\":\"WebSite\",\"@id\":\"https:\/\/eifm.eu\/#website\",\"url\":\"https:\/\/eifm.eu\/\",\"name\":\"European Institute of Finance and Management\",\"description\":\"\",\"publisher\":{\"@id\":\"https:\/\/eifm.eu\/#organization\"},\"potentialAction\":[{\"@type\":\"SearchAction\",\"target\":\"https:\/\/eifm.eu\/?s={search_term_string}\",\"query-input\":\"required name=search_term_string\"}],\"inLanguage\":\"de-DE\"},{\"@type\":\"WebPage\",\"@id\":\"https:\/\/eifm.eu\/de\/faq\/#webpage\",\"url\":\"https:\/\/eifm.eu\/de\/faq\/\",\"name\":\"FAQ - European Institute of Finance and Management\",\"isPartOf\":{\"@id\":\"https:\/\/eifm.eu\/#website\"},\"datePublished\":\"2022-05-02T07:23:06+00:00\",\"dateModified\":\"2022-05-02T15:41:07+00:00\",\"breadcrumb\":{\"@id\":\"https:\/\/eifm.eu\/de\/faq\/#breadcrumb\"},\"inLanguage\":\"de-DE\",\"potentialAction\":[{\"@type\":\"ReadAction\",\"target\":[\"https:\/\/eifm.eu\/de\/faq\/\"]}]},{\"@type\":\"BreadcrumbList\",\"@id\":\"https:\/\/eifm.eu\/de\/faq\/#breadcrumb\",\"itemListElement\":[{\"@type\":\"ListItem\",\"position\":1,\"item\":{\"@type\":\"WebPage\",\"@id\":\"https:\/\/eifm.eu\/de\/\",\"url\":\"https:\/\/eifm.eu\/de\/\",\"name\":\"Home\"}},{\"@type\":\"ListItem\",\"position\":2,\"item\":{\"@type\":\"WebPage\",\"@id\":\"https:\/\/eifm.eu\/de\/faq\/\",\"url\":\"https:\/\/eifm.eu\/de\/faq\/\",\"name\":\"FAQ\"}}]}]}<\/script>\n<!-- \/ Yoast SEO Premium plugin. -->","_links":{"self":[{"href":"https:\/\/eifm.eu\/de\/wp-json\/wp\/v2\/pages\/8436"}],"collection":[{"href":"https:\/\/eifm.eu\/de\/wp-json\/wp\/v2\/pages"}],"about":[{"href":"https:\/\/eifm.eu\/de\/wp-json\/wp\/v2\/types\/page"}],"author":[{"embeddable":true,"href":"https:\/\/eifm.eu\/de\/wp-json\/wp\/v2\/users\/1"}],"replies":[{"embeddable":true,"href":"https:\/\/eifm.eu\/de\/wp-json\/wp\/v2\/comments?post=8436"}],"version-history":[{"count":6,"href":"https:\/\/eifm.eu\/de\/wp-json\/wp\/v2\/pages\/8436\/revisions"}],"predecessor-version":[{"id":8723,"href":"https:\/\/eifm.eu\/de\/wp-json\/wp\/v2\/pages\/8436\/revisions\/8723"}],"wp:attachment":[{"href":"https:\/\/eifm.eu\/de\/wp-json\/wp\/v2\/media?parent=8436"}],"curies":[{"name":"wp","href":"https:\/\/api.w.org\/{rel}","templated":true}]}}