{"id":8435,"date":"2022-05-02T09:15:23","date_gmt":"2022-05-02T07:15:23","guid":{"rendered":"https:\/\/eifm.eu\/ethischer-kodex\/"},"modified":"2022-05-22T10:25:01","modified_gmt":"2022-05-22T08:25:01","slug":"ethischer-kodex","status":"publish","type":"page","link":"https:\/\/eifm.eu\/de\/ethischer-kodex\/","title":{"rendered":"Ethischer Kodex"},"content":{"rendered":"\t\t<div data-elementor-type=\"wp-page\" data-elementor-id=\"8435\" class=\"elementor elementor-8435\">\n\t\t\t\t\t\t\t        <section class=\"elementor-section elementor-top-section elementor-element elementor-element-434bc21 elementor-section-boxed elementor-section-height-default elementor-section-height-default\" data-id=\"434bc21\" data-element_type=\"section\">\n            \n                        <div class=\"elementor-container elementor-column-gap-extended \">\n                    <div class=\"elementor-column elementor-col-100 elementor-top-column elementor-element elementor-element-5f27a12\" data-id=\"5f27a12\" data-element_type=\"column\">\n            <div class=\"elementor-widget-wrap elementor-element-populated\">\n                                <section class=\"elementor-section elementor-inner-section elementor-element elementor-element-d4a1253 elementor-section-boxed elementor-section-height-default elementor-section-height-default\" data-id=\"d4a1253\" data-element_type=\"section\" data-settings=\"{&quot;background_background&quot;:&quot;classic&quot;}\">\n            \n                        <div class=\"elementor-container elementor-column-gap-extended \">\n                    <div class=\"elementor-column elementor-col-100 elementor-inner-column elementor-element elementor-element-d387043\" data-id=\"d387043\" data-element_type=\"column\">\n            <div class=\"elementor-widget-wrap elementor-element-populated\">\n                        \t\t<div class=\"elementor-element elementor-element-957dc7d elementor-widget elementor-widget-ct_heading\" data-id=\"957dc7d\" data-element_type=\"widget\" data-widget_type=\"ct_heading.default\">\n\t\t\t\t<div class=\"elementor-widget-container\">\n\t\t\t<div class=\"ct-heading h-align-center item-st-default\">\r\n\t\t\t<div class=\"item--sub-title style-divider-center\">\r\n            <span>\r\n                EIFM-Kodex            <\/span>\r\n        <\/div>\r\n\t    <h3 class=\"item--title case-animate-time st-default \" data-wow-delay=\"ms\">\r\n        <span>Ethischer Kodex<\/span>    <\/h3>\r\n<\/div>\r\n\r\n\t\t<\/div>\n\t\t\t\t<\/div>\n\t\t\t\t<div class=\"elementor-element elementor-element-4984332 elementor-widget elementor-widget-ct_text_editor\" data-id=\"4984332\" data-element_type=\"widget\" data-widget_type=\"ct_text_editor.default\">\n\t\t\t\t<div class=\"elementor-widget-container\">\n\t\t\t<div id=\"ct_text_editor-4984332\" class=\"ct-text-editor \" data-wow-delay=\"ms\">\n\t<div class=\"ct-inline-css\"  data-css=\"\n        \t\t\">\n\n    <\/div>\n\t<div class=\"ct-text-editor elementor-clearfix\">\n\t\t<p>Unsere Bildungseinrichtung zielt darauf ab, global denkende Menschen zu entwickeln und zu unterst\u00fctzen, die in der Welt der Wirtschaft und der Innovation f\u00fchrend werden wollen. Alle unsere Programme, ob es sich nun um Postgraduiertenkurse oder nur um erg\u00e4nzende Kurse handelt, sind v\u00f6llig flexibel und zielen auf die Studierenden, ihr theoretisches Wissen und die anschlie\u00dfende Praxis ab. Deshalb sind unsere Studieng\u00e4nge nicht nur in Europa, sondern dank ihres Online-Formats weltweit verf\u00fcgbar und bringen uns eine vielf\u00e4ltige Kultur von Absolventen, die derzeit mehr als 100 Nationalit\u00e4ten vertreten.<\/p>\t\t\n\t<\/div>\n<\/div>\t\t<\/div>\n\t\t\t\t<\/div>\n\t\t\t\t<div class=\"elementor-element elementor-element-dcbcc43 elementor-widget elementor-widget-ct_text_editor\" data-id=\"dcbcc43\" data-element_type=\"widget\" data-widget_type=\"ct_text_editor.default\">\n\t\t\t\t<div class=\"elementor-widget-container\">\n\t\t\t<div id=\"ct_text_editor-dcbcc43\" class=\"ct-text-editor \" data-wow-delay=\"ms\">\n\t<div class=\"ct-inline-css\"  data-css=\"\n        \t\t\">\n\n    <\/div>\n\t<div class=\"ct-text-editor elementor-clearfix\">\n\t\t<h4>WISSENSCHAFTLICHER BEITRAG<\/h4><p>Mit seinen Aktivit\u00e4ten strebt das EIFM nach einer qualitativ hochwertigen Ausbildung durch hohe akademische Standards und eine Betonung sowohl der individuellen Analyse\/des kritischen Denkens als auch des gemeinschaftlichen Lernens von Studierenden und Professoren. In allen Graduiertenprogrammen streben wir ein Gleichgewicht zwischen theoretischem und praktischem Wissen an und f\u00f6rdern eine multidisziplin\u00e4re Perspektive.<\/p><h4>AKADEMISCHE INTEGRIT\u00c4T<\/h4><div><p>Akademische Integrit\u00e4t ist einer der h\u00f6chsten Werte, die wir am EIFM hochhalten, und wir legen gro\u00dfen Wert darauf. Jede Form von Plagiat oder anderem unredlichen Verhalten w\u00e4hrend des Studiums wird vom EIFM streng bestraft und kann zum Ausschluss des Studenten von der Teilnahme f\u00fchren. Wir halten uns an Richtlinien, Verfahren und alle Prozesse, die darauf abzielen, die Beteiligten aktiv aufzukl\u00e4ren und alle Studierenden \u00fcber jede Form von Plagiaten oder anderer akademischer Unredlichkeit zu informieren und davon abzubringen. \u00a0\u00a0<\/p><p>Ein Plagiat ist die missbr\u00e4uchliche Verwendung der Arbeit eines anderen, indem man sie als die eigene ausgibt. Dies beinhaltet, ist aber nicht beschr\u00e4nkt auf:<br \/>&#8211; Die Verwendung von Fremdw\u00f6rtern ohne ordnungsgem\u00e4\u00dfe Zitierung.<br \/>&#8211; Paraphrasieren der Arbeit einer anderen Person ohne ordnungsgem\u00e4\u00dfe Quellenangabe.<br \/>&#8211; Zusammenarbeit mit einer anderen Person, ohne deren Arbeit oder Beitrag anzuerkennen.<\/p><p>Wir \u00fcberwachen und kontrollieren Plagiate w\u00e4hrend des gesamten Studienverlaufs, insbesondere bei Studienarbeiten, Abschlussprojekten und Dissertationen oder Fallstudien, die auf der Studie aufbauen.<\/p><p>Unter akademischer Unredlichkeit verstehen wir jedes Verhalten oder jede Handlung, die darauf abzielt, sich einen unethischen akademischen Vorteil zu verschaffen. Beispiele f\u00fcr akademische Unredlichkeit sind unter anderem:<br \/>&#8211; F\u00e4lschung von akademischen oder anderen Dokumenten<br \/>&#8211; Einreichen einer Arbeit, die von einer anderen Person oder Organisation verfasst wurde, als die eigene.<br \/>&#8211; Kopieren der Arbeit einer anderen Person<br \/>&#8211; Einreichen der gleichen Arbeit f\u00fcr mehr als eine Klassenarbeit und\/oder Wiederverwendung wesentlicher Teile.<\/p><\/div><div><h4>VERTRAULICHKEIT UND SCHUTZ VON INFORMATIONEN<\/h4><p>Das EIFM verpflichtet sich, alle Bildungsunterlagen der Studierenden zu sch\u00fctzen. Diese Einrichtung gibt keine pers\u00f6nlich identifizierbaren Informationen an Dritte weiter, ohne die schriftliche Zustimmung des Sch\u00fclers. Dieser Zugang ist begrenzt und dient ausschlie\u00dflich akademischen Zwecken. Die schriftliche Zustimmung f\u00fcr alle anderen Dritten muss die offenzulegenden Unterlagen und den Zweck der Offenlegung angeben, die Partei oder die Gruppe von Parteien benennen, an die die Offenlegung erfolgen kann, und die Unterschrift und das Datum des Sch\u00fclers enthalten.<\/p><\/div><h4>GLOBALE ANSICHT<\/h4><p>Das EIFM ist bestrebt, eine globale Perspektive auf die untersuchten Themen zu schaffen. Wir zielen daher nicht nur auf das nationale, sondern vor allem auf das internationale Niveau der Ausbildung ab. Die Studierenden sollen unterschiedliche Denk- und Handlungsweisen kennen lernen, offen f\u00fcr kontinuierliches Lernen sein und mit globalen Wirtschaftstrends vertraut sein.<\/p><h4>INNOVATION<\/h4><p>Die EIFM hat sich zum Ziel gesetzt, bei der Durchf\u00fchrung ihrer individuellen Ausbildungsprogramme innovativ zu sein und den Lernprozess kontinuierlich voranzutreiben. Aus diesem Grund nutzen wir die neuesten Praktiken und Technologien, die in unseren Studieng\u00e4ngen verf\u00fcgbar sind, und machen unsere Studenten mit den neuesten Theorien, Trends und Praktiken im internationalen Gesch\u00e4ft vertraut.<\/p><h4>KULTUR<\/h4><div><p>Das EIFM ist bestrebt, eine Kultur zu f\u00f6rdern, die ein sicheres und einladendes Umfeld f\u00fcr alle Mitglieder der Gemeinschaft schafft, einschlie\u00dflich der Verwaltungsangestellten, Dozenten, Studenten, Alumni sowie der Partnereinrichtungen und ihrer Mitarbeiter.\u00a0<\/p><p>Insbesondere wird von allen EIFM-Mitgliedern, sowohl auf studentischer als auch auf akademischer Seite, erwartet, dass sie:<\/p><p>&#8211; eine positive, proaktive und nicht wertende Haltung gegen\u00fcber unterschiedlichen Identit\u00e4ten einnehmen,<br \/>&#8211; die F\u00e4higkeit zu demonstrieren, sich konzeptionell und professionell mit allen Mitgliedern der Gemeinschaft in einer kulturell kompetenten Weise auseinanderzusetzen;<br \/>&#8211; Sie werden Respekt, Wertsch\u00e4tzung und Anpassungsf\u00e4higkeit gegen\u00fcber den verschiedenen Kulturen und Nationalit\u00e4ten, mit denen sie in Kontakt kommen, zeigen.<\/p><\/div><div>\u00a0<\/div><div><h4>DIVERSIT\u00c4T<\/h4><p>Am EIFM sind wir bestrebt, die internationale und kulturelle Vielfalt zu f\u00f6rdern, und zwar nicht nur durch die breite Perspektive der Studierenden, die an der Studie teilnehmen, sondern auch durch die Professoren, die die Studie durchf\u00fchren. Die einzelnen Professoren haben daher unterschiedliche Hintergr\u00fcnde und interagieren miteinander, was den Studierenden eine vielf\u00e4ltige Weltsicht bietet und sie folglich nicht nur national, sondern vor allem international besser positioniert.<\/p><\/div>\t\t\n\t<\/div>\n<\/div>\t\t<\/div>\n\t\t\t\t<\/div>\n\t\t            <\/div>\n        <\/div>\n                            <\/div>\n        <\/section>\n                    <\/div>\n        <\/div>\n                            <\/div>\n        <\/section>\n        \t\t\t\t\t<\/div>\n\t\t","protected":false},"excerpt":{"rendered":"<p>EIFM-Kodex Ethischer Kodex Unsere Bildungseinrichtung zielt darauf ab, global denkende Menschen zu entwickeln und zu unterst\u00fctzen, die in der Welt der Wirtschaft und der Innovation f\u00fchrend werden wollen. Alle unsere Programme, ob es sich nun um Postgraduiertenkurse oder nur um erg\u00e4nzende Kurse handelt, sind v\u00f6llig flexibel und zielen auf die Studierenden, ihr theoretisches Wissen und [&hellip;]<\/p>\n","protected":false},"author":1,"featured_media":0,"parent":0,"menu_order":0,"comment_status":"closed","ping_status":"closed","template":"","meta":{"_mi_skip_tracking":false,"_monsterinsights_sitenote_active":false,"_monsterinsights_sitenote_note":"","_monsterinsights_sitenote_category":0},"yoast_head":"<!-- This site is optimized with the Yoast SEO Premium plugin v16.1 - https:\/\/yoast.com\/wordpress\/plugins\/seo\/ -->\n<title>Ethischer Kodex - European Institute of Finance and Management<\/title>\n<link rel=\"canonical\" href=\"https:\/\/eifm.eu\/de\/ethischer-kodex\/\" \/>\n<meta property=\"og:locale\" content=\"de_DE\" \/>\n<meta property=\"og:type\" content=\"article\" \/>\n<meta property=\"og:title\" content=\"Ethischer Kodex - European Institute of Finance and Management\" \/>\n<meta property=\"og:description\" content=\"EIFM-Kodex Ethischer Kodex Unsere Bildungseinrichtung zielt darauf ab, global denkende Menschen zu entwickeln und zu unterst\u00fctzen, die in der Welt der Wirtschaft und der Innovation f\u00fchrend werden wollen. Alle unsere Programme, ob es sich nun um Postgraduiertenkurse oder nur um erg\u00e4nzende Kurse handelt, sind v\u00f6llig flexibel und zielen auf die Studierenden, ihr theoretisches Wissen und [&hellip;]\" \/>\n<meta property=\"og:url\" content=\"https:\/\/eifm.eu\/de\/ethischer-kodex\/\" \/>\n<meta property=\"og:site_name\" content=\"European Institute of Finance and Management\" \/>\n<meta property=\"article:publisher\" content=\"https:\/\/www.facebook.com\/EIFM.eu\/\" \/>\n<meta property=\"article:modified_time\" content=\"2022-05-22T08:25:01+00:00\" \/>\n<meta name=\"twitter:card\" content=\"summary_large_image\" \/>\n<meta name=\"twitter:label1\" content=\"Gesch\u00e4tzte Lesezeit\">\n\t<meta name=\"twitter:data1\" content=\"4 Minuten\">\n<script type=\"application\/ld+json\" class=\"yoast-schema-graph\">{\"@context\":\"https:\/\/schema.org\",\"@graph\":[{\"@type\":\"Organization\",\"@id\":\"https:\/\/eifm.eu\/#organization\",\"name\":\"European Institute of Finance and Management\",\"url\":\"https:\/\/eifm.eu\/\",\"sameAs\":[\"https:\/\/www.facebook.com\/EIFM.eu\/\",\"https:\/\/www.linkedin.com\/company\/european-institute-of-finance-and-management\/\"],\"logo\":{\"@type\":\"ImageObject\",\"@id\":\"https:\/\/eifm.eu\/#logo\",\"inLanguage\":\"de-DE\",\"url\":\"https:\/\/eifm.eu\/wp-content\/uploads\/2022\/03\/eifm.png\",\"contentUrl\":\"https:\/\/eifm.eu\/wp-content\/uploads\/2022\/03\/eifm.png\",\"width\":541,\"height\":162,\"caption\":\"European Institute of Finance and Management\"},\"image\":{\"@id\":\"https:\/\/eifm.eu\/#logo\"}},{\"@type\":\"WebSite\",\"@id\":\"https:\/\/eifm.eu\/#website\",\"url\":\"https:\/\/eifm.eu\/\",\"name\":\"European Institute of Finance and Management\",\"description\":\"\",\"publisher\":{\"@id\":\"https:\/\/eifm.eu\/#organization\"},\"potentialAction\":[{\"@type\":\"SearchAction\",\"target\":\"https:\/\/eifm.eu\/?s={search_term_string}\",\"query-input\":\"required name=search_term_string\"}],\"inLanguage\":\"de-DE\"},{\"@type\":\"WebPage\",\"@id\":\"https:\/\/eifm.eu\/de\/ethischer-kodex\/#webpage\",\"url\":\"https:\/\/eifm.eu\/de\/ethischer-kodex\/\",\"name\":\"Ethischer Kodex - European Institute of Finance and Management\",\"isPartOf\":{\"@id\":\"https:\/\/eifm.eu\/#website\"},\"datePublished\":\"2022-05-02T07:15:23+00:00\",\"dateModified\":\"2022-05-22T08:25:01+00:00\",\"breadcrumb\":{\"@id\":\"https:\/\/eifm.eu\/de\/ethischer-kodex\/#breadcrumb\"},\"inLanguage\":\"de-DE\",\"potentialAction\":[{\"@type\":\"ReadAction\",\"target\":[\"https:\/\/eifm.eu\/de\/ethischer-kodex\/\"]}]},{\"@type\":\"BreadcrumbList\",\"@id\":\"https:\/\/eifm.eu\/de\/ethischer-kodex\/#breadcrumb\",\"itemListElement\":[{\"@type\":\"ListItem\",\"position\":1,\"item\":{\"@type\":\"WebPage\",\"@id\":\"https:\/\/eifm.eu\/de\/\",\"url\":\"https:\/\/eifm.eu\/de\/\",\"name\":\"Home\"}},{\"@type\":\"ListItem\",\"position\":2,\"item\":{\"@type\":\"WebPage\",\"@id\":\"https:\/\/eifm.eu\/de\/ethischer-kodex\/\",\"url\":\"https:\/\/eifm.eu\/de\/ethischer-kodex\/\",\"name\":\"Ethischer Kodex\"}}]}]}<\/script>\n<!-- \/ Yoast SEO Premium plugin. -->","_links":{"self":[{"href":"https:\/\/eifm.eu\/de\/wp-json\/wp\/v2\/pages\/8435"}],"collection":[{"href":"https:\/\/eifm.eu\/de\/wp-json\/wp\/v2\/pages"}],"about":[{"href":"https:\/\/eifm.eu\/de\/wp-json\/wp\/v2\/types\/page"}],"author":[{"embeddable":true,"href":"https:\/\/eifm.eu\/de\/wp-json\/wp\/v2\/users\/1"}],"replies":[{"embeddable":true,"href":"https:\/\/eifm.eu\/de\/wp-json\/wp\/v2\/comments?post=8435"}],"version-history":[{"count":7,"href":"https:\/\/eifm.eu\/de\/wp-json\/wp\/v2\/pages\/8435\/revisions"}],"predecessor-version":[{"id":8746,"href":"https:\/\/eifm.eu\/de\/wp-json\/wp\/v2\/pages\/8435\/revisions\/8746"}],"wp:attachment":[{"href":"https:\/\/eifm.eu\/de\/wp-json\/wp\/v2\/media?parent=8435"}],"curies":[{"name":"wp","href":"https:\/\/api.w.org\/{rel}","templated":true}]}}