{"id":8432,"date":"2022-05-02T08:59:15","date_gmt":"2022-05-02T06:59:15","guid":{"rendered":"https:\/\/eifm.eu\/alumni\/"},"modified":"2022-05-02T11:30:36","modified_gmt":"2022-05-02T09:30:36","slug":"alumni","status":"publish","type":"page","link":"https:\/\/eifm.eu\/de\/alumni\/","title":{"rendered":"Alumni"},"content":{"rendered":"\t\t<div data-elementor-type=\"wp-page\" data-elementor-id=\"8432\" class=\"elementor elementor-8432\">\n\t\t\t\t\t\t\t        <section class=\"elementor-section elementor-top-section elementor-element elementor-element-434bc21 elementor-section-boxed elementor-section-height-default elementor-section-height-default\" data-id=\"434bc21\" data-element_type=\"section\">\n            \n                        <div class=\"elementor-container elementor-column-gap-extended \">\n                    <div class=\"elementor-column elementor-col-100 elementor-top-column elementor-element elementor-element-5f27a12\" data-id=\"5f27a12\" data-element_type=\"column\">\n            <div class=\"elementor-widget-wrap elementor-element-populated\">\n                                <section class=\"elementor-section elementor-inner-section elementor-element elementor-element-d4a1253 elementor-section-boxed elementor-section-height-default elementor-section-height-default\" data-id=\"d4a1253\" data-element_type=\"section\" data-settings=\"{&quot;background_background&quot;:&quot;classic&quot;}\">\n            \n                        <div class=\"elementor-container elementor-column-gap-extended \">\n                    <div class=\"elementor-column elementor-col-100 elementor-inner-column elementor-element elementor-element-d387043\" data-id=\"d387043\" data-element_type=\"column\">\n            <div class=\"elementor-widget-wrap elementor-element-populated\">\n                        \t\t<div class=\"elementor-element elementor-element-957dc7d elementor-widget elementor-widget-ct_heading\" data-id=\"957dc7d\" data-element_type=\"widget\" data-widget_type=\"ct_heading.default\">\n\t\t\t\t<div class=\"elementor-widget-container\">\n\t\t\t<div class=\"ct-heading h-align-center item-st-default\">\r\n\t\t\t<div class=\"item--sub-title style-divider-center\">\r\n            <span>\r\n                F\u00fcr Absolventen            <\/span>\r\n        <\/div>\r\n\t    <h3 class=\"item--title case-animate-time st-default \" data-wow-delay=\"ms\">\r\n        <span>Wir behalten unsere Studenten auch nach ihrem Abschluss im Auge<\/span>    <\/h3>\r\n<\/div>\r\n\r\n\t\t<\/div>\n\t\t\t\t<\/div>\n\t\t\t\t<div class=\"elementor-element elementor-element-4984332 elementor-widget elementor-widget-ct_text_editor\" data-id=\"4984332\" data-element_type=\"widget\" data-widget_type=\"ct_text_editor.default\">\n\t\t\t\t<div class=\"elementor-widget-container\">\n\t\t\t<div id=\"ct_text_editor-4984332\" class=\"ct-text-editor \" data-wow-delay=\"ms\">\n\t<div class=\"ct-inline-css\"  data-css=\"\n        \t\t\">\n\n    <\/div>\n\t<div class=\"ct-text-editor elementor-clearfix\">\n\t\t<p>Im Rahmen der Grunds\u00e4tze und Werte, f\u00fcr die das EIFM steht, ist es unser langfristiges Ziel, nicht nur zu unseren derzeitigen Studenten, sondern auch zu den ehemaligen Studenten gute und langfristige Beziehungen zu unterhalten. Deshalb haben wir im Rahmen unserer Aktivit\u00e4ten auch die Plattform EIFM ALUMNI ins Leben gerufen, die unseren ehemaligen Studierenden nicht nur die T\u00fcren zu Besch\u00e4ftigungsm\u00f6glichkeiten, sondern auch zu Weiterbildungsangeboten \u00f6ffnet, die ihre pers\u00f6nliche und berufliche Entwicklung unterst\u00fctzen sollen.<\/p>\t\t\n\t<\/div>\n<\/div>\t\t<\/div>\n\t\t\t\t<\/div>\n\t\t\t\t<div class=\"elementor-element elementor-element-dcbcc43 elementor-widget elementor-widget-ct_text_editor\" data-id=\"dcbcc43\" data-element_type=\"widget\" data-widget_type=\"ct_text_editor.default\">\n\t\t\t\t<div class=\"elementor-widget-container\">\n\t\t\t<div id=\"ct_text_editor-dcbcc43\" class=\"ct-text-editor \" data-wow-delay=\"ms\">\n\t<div class=\"ct-inline-css\"  data-css=\"\n        \t\t\">\n\n    <\/div>\n\t<div class=\"ct-text-editor elementor-clearfix\">\n\t\t<h4>ARBEITSM\u00d6GLICHKEITEN<\/h4><p>Zum EIFM-Team geh\u00f6rt u. a. eine Personalabteilung, die allen unseren Absolventen zur Verf\u00fcgung steht. Ziel ist es, unseren Absolventen die Arbeitssuche nach dem Studium zu erleichtern und ihnen zu helfen, interessante Arbeitsm\u00f6glichkeiten oder Praktika zu finden. Die verschiedenen Karrieremessen, an denen wir teilnehmen, dienen diesem Zweck und machen unsere Jobm\u00f6glichkeiten wesentlich vielf\u00e4ltiger.<\/p><h4>VER\u00d6FFENTLICHUNGEN<\/h4><p>Zu einer erfolgreichen beruflichen Laufbahn geh\u00f6rt nicht nur ein Lebenslauf, der reich an interessanten Berufserfahrungen ist, sondern auch wissenschaftliche und berufliche Aktivit\u00e4ten. Deshalb bieten wir unseren Studenten die M\u00f6glichkeit, Artikel in zahlreichen wissenschaftlichen Fachzeitschriften zu ver\u00f6ffentlichen oder an der Entwicklung eines der Handb\u00fccher mitzuwirken, die wir im Rahmen des EIFM herausgeben.<\/p><h4>ANGEGLIEDERTE UNTERNEHMEN<\/h4><p>Als Teil des EIFM arbeiten wir mit vielen nationalen und multinationalen Unternehmen zusammen, die unseren Studenten bezahlte und unbezahlte Praktika oder andere Dienstleistungen auf j\u00e4hrlichen Jobmessen in mehreren europ\u00e4ischen St\u00e4dten anbieten.<\/p><h4>STIPENDIEN UND ZUSCH\u00dcSSE<\/h4><p>Die EIFM-Universit\u00e4tsstiftung bietet allen an einer Weiterbildung interessierten Studierenden die M\u00f6glichkeit, unabh\u00e4ngig von ihrer finanziellen Situation eine Ausbildung zu erhalten. Wir haben ein umfassendes System von Zusch\u00fcssen und Stipendien bzw. Darlehen und finanzieller Beratung entwickelt, das es uns erm\u00f6glicht, f\u00fcr jeden Interessierten einen Weg zum Studium zu finden.<\/p><h4>WORKSHOPS UND SEMINARE<\/h4><p>Alle unsere Absolventen haben unbegrenzten Zugang zu Workshops und Seminaren, die von der EIFM an allen unseren Standorten organisiert werden. Jeder Absolvent eines beliebigen Studiengangs erh\u00e4lt diesen Zugang. Er gilt nicht nur f\u00fcr kurze, einmalige Kurse.<\/p><h4>ALUMNI-VORTEILE<\/h4><p>Dank verschiedener Vereinbarungen und Kooperationen mit einigen Unternehmen sind wir in der gl\u00fccklichen Lage, Vereinbarungen mit vielen interessanten Unternehmen zu haben, die es uns erm\u00f6glichen, unseren Absolventen zus\u00e4tzliche Vereinbarungen nicht nur im Bereich der Dienstleistungen im Zusammenhang mit Bildungsaktivit\u00e4ten anzubieten. F\u00fcr weitere Informationen k\u00f6nnen sich unsere Alumni an die Studienabteilung wenden.<\/p>\t\t\n\t<\/div>\n<\/div>\t\t<\/div>\n\t\t\t\t<\/div>\n\t\t            <\/div>\n        <\/div>\n                            <\/div>\n        <\/section>\n                    <\/div>\n        <\/div>\n                            <\/div>\n        <\/section>\n        \t\t\t\t\t<\/div>\n\t\t","protected":false},"excerpt":{"rendered":"<p>F\u00fcr Absolventen Wir behalten unsere Studenten auch nach ihrem Abschluss im Auge Im Rahmen der Grunds\u00e4tze und Werte, f\u00fcr die das EIFM steht, ist es unser langfristiges Ziel, nicht nur zu unseren derzeitigen Studenten, sondern auch zu den ehemaligen Studenten gute und langfristige Beziehungen zu unterhalten. Deshalb haben wir im Rahmen unserer Aktivit\u00e4ten auch die [&hellip;]<\/p>\n","protected":false},"author":1,"featured_media":0,"parent":0,"menu_order":0,"comment_status":"closed","ping_status":"closed","template":"","meta":{"_mi_skip_tracking":false,"_monsterinsights_sitenote_active":false,"_monsterinsights_sitenote_note":"","_monsterinsights_sitenote_category":0},"yoast_head":"<!-- This site is optimized with the Yoast SEO Premium plugin v16.1 - https:\/\/yoast.com\/wordpress\/plugins\/seo\/ -->\n<title>Alumni - European Institute of Finance and Management<\/title>\n<link rel=\"canonical\" href=\"https:\/\/eifm.eu\/de\/alumni\/\" \/>\n<meta property=\"og:locale\" content=\"de_DE\" \/>\n<meta property=\"og:type\" content=\"article\" \/>\n<meta property=\"og:title\" content=\"Alumni - European Institute of Finance and Management\" \/>\n<meta property=\"og:description\" content=\"F\u00fcr Absolventen Wir behalten unsere Studenten auch nach ihrem Abschluss im Auge Im Rahmen der Grunds\u00e4tze und Werte, f\u00fcr die das EIFM steht, ist es unser langfristiges Ziel, nicht nur zu unseren derzeitigen Studenten, sondern auch zu den ehemaligen Studenten gute und langfristige Beziehungen zu unterhalten. Deshalb haben wir im Rahmen unserer Aktivit\u00e4ten auch die [&hellip;]\" \/>\n<meta property=\"og:url\" content=\"https:\/\/eifm.eu\/de\/alumni\/\" \/>\n<meta property=\"og:site_name\" content=\"European Institute of Finance and Management\" \/>\n<meta property=\"article:publisher\" content=\"https:\/\/www.facebook.com\/EIFM.eu\/\" \/>\n<meta property=\"article:modified_time\" content=\"2022-05-02T09:30:36+00:00\" \/>\n<meta name=\"twitter:card\" content=\"summary_large_image\" \/>\n<meta name=\"twitter:label1\" content=\"Gesch\u00e4tzte Lesezeit\">\n\t<meta name=\"twitter:data1\" content=\"2 Minuten\">\n<script type=\"application\/ld+json\" class=\"yoast-schema-graph\">{\"@context\":\"https:\/\/schema.org\",\"@graph\":[{\"@type\":\"Organization\",\"@id\":\"https:\/\/eifm.eu\/#organization\",\"name\":\"European Institute of Finance and Management\",\"url\":\"https:\/\/eifm.eu\/\",\"sameAs\":[\"https:\/\/www.facebook.com\/EIFM.eu\/\",\"https:\/\/www.linkedin.com\/company\/european-institute-of-finance-and-management\/\"],\"logo\":{\"@type\":\"ImageObject\",\"@id\":\"https:\/\/eifm.eu\/#logo\",\"inLanguage\":\"de-DE\",\"url\":\"https:\/\/eifm.eu\/wp-content\/uploads\/2022\/03\/eifm.png\",\"contentUrl\":\"https:\/\/eifm.eu\/wp-content\/uploads\/2022\/03\/eifm.png\",\"width\":541,\"height\":162,\"caption\":\"European Institute of Finance and Management\"},\"image\":{\"@id\":\"https:\/\/eifm.eu\/#logo\"}},{\"@type\":\"WebSite\",\"@id\":\"https:\/\/eifm.eu\/#website\",\"url\":\"https:\/\/eifm.eu\/\",\"name\":\"European Institute of Finance and Management\",\"description\":\"\",\"publisher\":{\"@id\":\"https:\/\/eifm.eu\/#organization\"},\"potentialAction\":[{\"@type\":\"SearchAction\",\"target\":\"https:\/\/eifm.eu\/?s={search_term_string}\",\"query-input\":\"required name=search_term_string\"}],\"inLanguage\":\"de-DE\"},{\"@type\":\"WebPage\",\"@id\":\"https:\/\/eifm.eu\/de\/alumni\/#webpage\",\"url\":\"https:\/\/eifm.eu\/de\/alumni\/\",\"name\":\"Alumni - European Institute of Finance and Management\",\"isPartOf\":{\"@id\":\"https:\/\/eifm.eu\/#website\"},\"datePublished\":\"2022-05-02T06:59:15+00:00\",\"dateModified\":\"2022-05-02T09:30:36+00:00\",\"breadcrumb\":{\"@id\":\"https:\/\/eifm.eu\/de\/alumni\/#breadcrumb\"},\"inLanguage\":\"de-DE\",\"potentialAction\":[{\"@type\":\"ReadAction\",\"target\":[\"https:\/\/eifm.eu\/de\/alumni\/\"]}]},{\"@type\":\"BreadcrumbList\",\"@id\":\"https:\/\/eifm.eu\/de\/alumni\/#breadcrumb\",\"itemListElement\":[{\"@type\":\"ListItem\",\"position\":1,\"item\":{\"@type\":\"WebPage\",\"@id\":\"https:\/\/eifm.eu\/de\/\",\"url\":\"https:\/\/eifm.eu\/de\/\",\"name\":\"Home\"}},{\"@type\":\"ListItem\",\"position\":2,\"item\":{\"@type\":\"WebPage\",\"@id\":\"https:\/\/eifm.eu\/de\/alumni\/\",\"url\":\"https:\/\/eifm.eu\/de\/alumni\/\",\"name\":\"Alumni\"}}]}]}<\/script>\n<!-- \/ Yoast SEO Premium plugin. -->","_links":{"self":[{"href":"https:\/\/eifm.eu\/de\/wp-json\/wp\/v2\/pages\/8432"}],"collection":[{"href":"https:\/\/eifm.eu\/de\/wp-json\/wp\/v2\/pages"}],"about":[{"href":"https:\/\/eifm.eu\/de\/wp-json\/wp\/v2\/types\/page"}],"author":[{"embeddable":true,"href":"https:\/\/eifm.eu\/de\/wp-json\/wp\/v2\/users\/1"}],"replies":[{"embeddable":true,"href":"https:\/\/eifm.eu\/de\/wp-json\/wp\/v2\/comments?post=8432"}],"version-history":[{"count":3,"href":"https:\/\/eifm.eu\/de\/wp-json\/wp\/v2\/pages\/8432\/revisions"}],"predecessor-version":[{"id":8565,"href":"https:\/\/eifm.eu\/de\/wp-json\/wp\/v2\/pages\/8432\/revisions\/8565"}],"wp:attachment":[{"href":"https:\/\/eifm.eu\/de\/wp-json\/wp\/v2\/media?parent=8432"}],"curies":[{"name":"wp","href":"https:\/\/api.w.org\/{rel}","templated":true}]}}