{"id":8429,"date":"2022-05-01T09:44:54","date_gmt":"2022-05-01T07:44:54","guid":{"rendered":"https:\/\/eifm.eu\/uber-institut\/"},"modified":"2022-05-02T11:54:54","modified_gmt":"2022-05-02T09:54:54","slug":"uber-institut","status":"publish","type":"page","link":"https:\/\/eifm.eu\/de\/uber-institut\/","title":{"rendered":"\u00dcber Institut"},"content":{"rendered":"\t\t<div data-elementor-type=\"wp-page\" data-elementor-id=\"8429\" class=\"elementor elementor-8429\">\n\t\t\t\t\t\t\t        <section class=\"elementor-section elementor-top-section elementor-element elementor-element-9db9e6a elementor-section-stretched elementor-section-content-middle elementor-section-boxed elementor-section-height-default elementor-section-height-default\" data-id=\"9db9e6a\" data-element_type=\"section\" data-settings=\"{&quot;stretch_section&quot;:&quot;section-stretched&quot;,&quot;background_background&quot;:&quot;classic&quot;}\">\n            \n                        <div class=\"elementor-container elementor-column-gap-extended \">\n                    <div class=\"elementor-column elementor-col-50 elementor-top-column elementor-element elementor-element-30bd116\" data-id=\"30bd116\" data-element_type=\"column\">\n            <div class=\"elementor-widget-wrap elementor-element-populated\">\n                        \t\t<div class=\"elementor-element elementor-element-1f00c46 elementor-widget elementor-widget-ct_heading\" data-id=\"1f00c46\" data-element_type=\"widget\" data-widget_type=\"ct_heading.default\">\n\t\t\t\t<div class=\"elementor-widget-container\">\n\t\t\t<div class=\"ct-heading h-align- item-st-default\">\r\n\t\t\t<div class=\"item--sub-title style-default\">\r\n            <span>\r\n                \u00dcber uns            <\/span>\r\n        <\/div>\r\n\t    <h3 class=\"item--title case-animate-time st-default \" data-wow-delay=\"ms\">\r\n        <span>Erfahrungen, Tradition und praktischer Beitrag<\/span>    <\/h3>\r\n<\/div>\r\n\r\n\t\t<\/div>\n\t\t\t\t<\/div>\n\t\t\t\t<div class=\"elementor-element elementor-element-a7cb094 elementor-widget elementor-widget-ct_text_editor\" data-id=\"a7cb094\" data-element_type=\"widget\" data-widget_type=\"ct_text_editor.default\">\n\t\t\t\t<div class=\"elementor-widget-container\">\n\t\t\t<div id=\"ct_text_editor-a7cb094\" class=\"ct-text-editor \" data-wow-delay=\"ms\">\n\t<div class=\"ct-inline-css\"  data-css=\"\n        \t\t\">\n\n    <\/div>\n\t<div class=\"ct-text-editor elementor-clearfix\">\n\t\t<p>Das EIFM ist eine renommierte Einrichtung mit einer langen Tradition und Erfahrung, die wir st\u00e4ndig an unsere Studenten weitergeben. <br \/>Wir bieten nicht nur Grund- und Aufbaustudieng\u00e4nge an, sondern auch Managementstudien in den Bereichen Wirtschaft und Management und schaffen eine Plattform f\u00fcr Forschung, Diskussion und Debatte \u00fcber eine breite Palette von Wirtschaftsthemen. Und all dies tun wir aus der Ferne, so dass wir jedem auf der ganzen Welt Bildung anbieten k\u00f6nnen.<\/p>\t\t\n\t<\/div>\n<\/div>\t\t<\/div>\n\t\t\t\t<\/div>\n\t\t            <\/div>\n        <\/div>\n                <div class=\"elementor-column elementor-col-50 elementor-top-column elementor-element elementor-element-defeb10\" data-id=\"defeb10\" data-element_type=\"column\">\n            <div class=\"elementor-widget-wrap elementor-element-populated\">\n                        \t\t<div class=\"elementor-element elementor-element-8da67f9 elementor-widget elementor-widget-ct_image\" data-id=\"8da67f9\" data-element_type=\"widget\" data-widget_type=\"ct_image.default\">\n\t\t\t\t<div class=\"elementor-widget-container\">\n\t\t\t<div class=\"ct-image-single  \">\r\n                                        <img decoding=\"async\" width=\"1000\" height=\"666\" src=\"https:\/\/eifm.eu\/wp-content\/uploads\/2022\/04\/admissions-committee-members.webp\" class=\"attachment-full\" alt=\"\" \/>                            <\/div>\t\t<\/div>\n\t\t\t\t<\/div>\n\t\t            <\/div>\n        <\/div>\n                            <\/div>\n        <\/section>\n                <section class=\"elementor-section elementor-top-section elementor-element elementor-element-5f3280a elementor-section-boxed elementor-section-height-default elementor-section-height-default\" data-id=\"5f3280a\" data-element_type=\"section\">\n            \n                        <div class=\"elementor-container elementor-column-gap-extended \">\n                    <div class=\"elementor-column elementor-col-50 elementor-top-column elementor-element elementor-element-0a2fe8b\" data-id=\"0a2fe8b\" data-element_type=\"column\">\n            <div class=\"elementor-widget-wrap elementor-element-populated\">\n                        \t\t<div class=\"elementor-element elementor-element-916ea44 elementor-widget elementor-widget-ct_image\" data-id=\"916ea44\" data-element_type=\"widget\" data-widget_type=\"ct_image.default\">\n\t\t\t\t<div class=\"elementor-widget-container\">\n\t\t\t<div class=\"ct-image-single  \">\r\n                                        <img decoding=\"async\" width=\"1000\" height=\"633\" src=\"https:\/\/eifm.eu\/wp-content\/uploads\/2022\/04\/GetPaidStock.com-624c3245918fc.jpg\" class=\"attachment-full\" alt=\"\" \/>                            <\/div>\t\t<\/div>\n\t\t\t\t<\/div>\n\t\t            <\/div>\n        <\/div>\n                <div class=\"elementor-column elementor-col-50 elementor-top-column elementor-element elementor-element-7c045c6\" data-id=\"7c045c6\" data-element_type=\"column\">\n            <div class=\"elementor-widget-wrap elementor-element-populated\">\n                        \t\t<div class=\"elementor-element elementor-element-e57f375 elementor-widget elementor-widget-ct_heading\" data-id=\"e57f375\" data-element_type=\"widget\" data-widget_type=\"ct_heading.default\">\n\t\t\t\t<div class=\"elementor-widget-container\">\n\t\t\t<div class=\"ct-heading h-align- item-st-default\">\r\n\t    <h3 class=\"item--title case-animate-time st-default \" data-wow-delay=\"ms\">\r\n        <span>Wir gehen \u00fcber die klassischen Studien hinaus. <\/span>    <\/h3>\r\n<\/div>\r\n\r\n\t\t<\/div>\n\t\t\t\t<\/div>\n\t\t\t\t<div class=\"elementor-element elementor-element-0c4c438 elementor-widget elementor-widget-ct_text_editor\" data-id=\"0c4c438\" data-element_type=\"widget\" data-widget_type=\"ct_text_editor.default\">\n\t\t\t\t<div class=\"elementor-widget-container\">\n\t\t\t<div id=\"ct_text_editor-0c4c438\" class=\"ct-text-editor \" data-wow-delay=\"ms\">\n\t<div class=\"ct-inline-css\"  data-css=\"\n        \t\t\">\n\n    <\/div>\n\t<div class=\"ct-text-editor elementor-clearfix\">\n\t\t<p>Das EIFM hat seinen Sitz in den Niederlanden, die gemessen an der Zahl der Erwachsenen, die ein Start-up besitzen oder auf andere Weise ein eigenes Unternehmen aufbauen, als das unternehmerischste Land in Europa gelten. Angesichts dieser Kultur besteht kein Zweifel daran, dass den Gr\u00fcndern des EIFM das Unternehmertum im Blut liegt. F\u00fcr Studierende, die sich in diesem Bereich weiterentwickeln und eine Karriere im Bereich Wirtschaft und Finanzen anstreben, ist das Institut daher eine ideale Wahl, die sie nicht bereuen werden.<\/p>\t\t\n\t<\/div>\n<\/div>\t\t<\/div>\n\t\t\t\t<\/div>\n\t\t            <\/div>\n        <\/div>\n                            <\/div>\n        <\/section>\n                <section class=\"elementor-section elementor-top-section elementor-element elementor-element-671d2b0d elementor-section-stretched elementor-section-boxed elementor-section-height-default elementor-section-height-default\" data-id=\"671d2b0d\" data-element_type=\"section\" data-settings=\"{&quot;stretch_section&quot;:&quot;section-stretched&quot;,&quot;background_background&quot;:&quot;classic&quot;}\">\n            \n                        <div class=\"elementor-container elementor-column-gap-extended \">\n                    <div class=\"elementor-column elementor-col-50 elementor-top-column elementor-element elementor-element-69468bac\" data-id=\"69468bac\" data-element_type=\"column\">\n            <div class=\"elementor-widget-wrap elementor-element-populated\">\n                        \t\t<div class=\"elementor-element elementor-element-6402878 elementor-widget elementor-widget-ct_heading\" data-id=\"6402878\" data-element_type=\"widget\" data-widget_type=\"ct_heading.default\">\n\t\t\t\t<div class=\"elementor-widget-container\">\n\t\t\t<div class=\"ct-heading h-align- item-st-default\">\r\n\t    <h3 class=\"item--title case-animate-time st-default \" data-wow-delay=\"ms\">\r\n        <span>Flexibilit\u00e4t und professioneller Ansatz <\/span>    <\/h3>\r\n<\/div>\r\n\r\n\t\t<\/div>\n\t\t\t\t<\/div>\n\t\t\t\t<div class=\"elementor-element elementor-element-6df46c3 elementor-widget elementor-widget-ct_text_editor\" data-id=\"6df46c3\" data-element_type=\"widget\" data-widget_type=\"ct_text_editor.default\">\n\t\t\t\t<div class=\"elementor-widget-container\">\n\t\t\t<div id=\"ct_text_editor-6df46c3\" class=\"ct-text-editor \" data-wow-delay=\"ms\">\n\t<div class=\"ct-inline-css\"  data-css=\"\n        \t\t\">\n\n    <\/div>\n\t<div class=\"ct-text-editor elementor-clearfix\">\n\t\t<p>Der st\u00e4ndige Zugang zum Studiensystem und der kontinuierliche Service und Beistand der Professoren und Dozenten sorgen daf\u00fcr, dass alle unsere Studenten bei Zweifeln oder Fragen, die w\u00e4hrend ihres Studiums auftauchen, problemlos Hilfe erhalten. Dadurch wird sichergestellt, dass alle unsere Studenten jedes Fach und die unterrichteten Themen vollst\u00e4ndig verstehen. Das flexible Lehrsystem, das wir am EIFM anbieten, ist somit vollst\u00e4ndig an die Zeitpl\u00e4ne unserer Studenten angepasst und erm\u00f6glicht es ihnen, ihr Studium mit ihren pers\u00f6nlichen und beruflichen Aktivit\u00e4ten zu verbinden.<\/p>\t\t\n\t<\/div>\n<\/div>\t\t<\/div>\n\t\t\t\t<\/div>\n\t\t            <\/div>\n        <\/div>\n                <div class=\"elementor-column elementor-col-50 elementor-top-column elementor-element elementor-element-75ee773\" data-id=\"75ee773\" data-element_type=\"column\">\n            <div class=\"elementor-widget-wrap elementor-element-populated\">\n                        \t\t<div class=\"elementor-element elementor-element-e53de6b elementor-widget elementor-widget-ct_image\" data-id=\"e53de6b\" data-element_type=\"widget\" data-widget_type=\"ct_image.default\">\n\t\t\t\t<div class=\"elementor-widget-container\">\n\t\t\t<div class=\"ct-image-single  \">\r\n                                        <img decoding=\"async\" width=\"1000\" height=\"633\" src=\"https:\/\/eifm.eu\/wp-content\/uploads\/2022\/04\/GetPaidStock.com-624c3211b7067.jpg\" class=\"attachment-full\" alt=\"\" \/>                            <\/div>\t\t<\/div>\n\t\t\t\t<\/div>\n\t\t            <\/div>\n        <\/div>\n                            <\/div>\n        <\/section>\n                <section class=\"elementor-section elementor-top-section elementor-element elementor-element-2b6248b elementor-section-boxed elementor-section-height-default elementor-section-height-default\" data-id=\"2b6248b\" data-element_type=\"section\">\n            \n                        <div class=\"elementor-container elementor-column-gap-extended \">\n                    <div class=\"elementor-column elementor-col-50 elementor-top-column elementor-element elementor-element-be2270d\" data-id=\"be2270d\" data-element_type=\"column\">\n            <div class=\"elementor-widget-wrap elementor-element-populated\">\n                        \t\t<div class=\"elementor-element elementor-element-f0fae8c elementor-widget elementor-widget-ct_image\" data-id=\"f0fae8c\" data-element_type=\"widget\" data-widget_type=\"ct_image.default\">\n\t\t\t\t<div class=\"elementor-widget-container\">\n\t\t\t<div class=\"ct-image-single  \">\r\n                                        <img decoding=\"async\" width=\"1024\" height=\"660\" src=\"https:\/\/eifm.eu\/wp-content\/uploads\/2022\/04\/publishable.jpeg\" class=\"attachment-full\" alt=\"\" \/>                            <\/div>\t\t<\/div>\n\t\t\t\t<\/div>\n\t\t            <\/div>\n        <\/div>\n                <div class=\"elementor-column elementor-col-50 elementor-top-column elementor-element elementor-element-c2735aa\" data-id=\"c2735aa\" data-element_type=\"column\">\n            <div class=\"elementor-widget-wrap elementor-element-populated\">\n                        \t\t<div class=\"elementor-element elementor-element-aea031e elementor-widget elementor-widget-ct_heading\" data-id=\"aea031e\" data-element_type=\"widget\" data-widget_type=\"ct_heading.default\">\n\t\t\t\t<div class=\"elementor-widget-container\">\n\t\t\t<div class=\"ct-heading h-align- item-st-default\">\r\n\t    <h3 class=\"item--title case-animate-time st-default \" data-wow-delay=\"ms\">\r\n        <span>Internationale \u00dcberschneidung<\/span>    <\/h3>\r\n<\/div>\r\n\r\n\t\t<\/div>\n\t\t\t\t<\/div>\n\t\t\t\t<div class=\"elementor-element elementor-element-5d7cc35 elementor-widget elementor-widget-ct_text_editor\" data-id=\"5d7cc35\" data-element_type=\"widget\" data-widget_type=\"ct_text_editor.default\">\n\t\t\t\t<div class=\"elementor-widget-container\">\n\t\t\t<div id=\"ct_text_editor-5d7cc35\" class=\"ct-text-editor \" data-wow-delay=\"ms\">\n\t<div class=\"ct-inline-css\"  data-css=\"\n        \t\t\">\n\n    <\/div>\n\t<div class=\"ct-text-editor elementor-clearfix\">\n\t\t<p>Das EIFM ist ein globales und internationales Wirtschaftsinstitut, das sich der Ausbildung von CEOs und Wirtschaftsfachleuten widmet. Mit einem breiten Angebot an Bachelor-, Master- und Postgraduiertenprogrammen vermittelt das EIFM alle notwendigen Managementinstrumente und -f\u00e4higkeiten, die f\u00fcr die erfolgreiche Leitung jeder Abteilung eines Unternehmens erforderlich sind.<\/p>\t\t\n\t<\/div>\n<\/div>\t\t<\/div>\n\t\t\t\t<\/div>\n\t\t            <\/div>\n        <\/div>\n                            <\/div>\n        <\/section>\n                <section class=\"elementor-section elementor-top-section elementor-element elementor-element-b19eaf4 elementor-section-stretched elementor-section-boxed elementor-section-height-default elementor-section-height-default\" data-id=\"b19eaf4\" data-element_type=\"section\" data-settings=\"{&quot;stretch_section&quot;:&quot;section-stretched&quot;,&quot;background_background&quot;:&quot;classic&quot;}\">\n            \n                        <div class=\"elementor-container elementor-column-gap-extended \">\n                    <div class=\"elementor-column elementor-col-50 elementor-top-column elementor-element elementor-element-bc4738f\" data-id=\"bc4738f\" data-element_type=\"column\">\n            <div class=\"elementor-widget-wrap elementor-element-populated\">\n                        \t\t<div class=\"elementor-element elementor-element-5290f55 elementor-widget elementor-widget-ct_heading\" data-id=\"5290f55\" data-element_type=\"widget\" data-widget_type=\"ct_heading.default\">\n\t\t\t\t<div class=\"elementor-widget-container\">\n\t\t\t<div class=\"ct-heading h-align- item-st-default\">\r\n\t    <h3 class=\"item--title case-animate-time st-default \" data-wow-delay=\"ms\">\r\n        <span>Unser Auftrag, unsere Vision und unsere Werte<\/span>    <\/h3>\r\n<\/div>\r\n\r\n\t\t<\/div>\n\t\t\t\t<\/div>\n\t\t\t\t<div class=\"elementor-element elementor-element-13baae6 elementor-widget elementor-widget-ct_text_editor\" data-id=\"13baae6\" data-element_type=\"widget\" data-widget_type=\"ct_text_editor.default\">\n\t\t\t\t<div class=\"elementor-widget-container\">\n\t\t\t<div id=\"ct_text_editor-13baae6\" class=\"ct-text-editor \" data-wow-delay=\"ms\">\n\t<div class=\"ct-inline-css\"  data-css=\"\n        \t\t\">\n\n    <\/div>\n\t<div class=\"ct-text-editor elementor-clearfix\">\n\t\t<p>Unser Ziel ist es, global denkende F\u00fchrungskr\u00e4fte und Innovatoren auszubilden. Unser Ziel ist es, die Effektivit\u00e4t und das Verantwortungsbewusstsein unserer Studenten zu entwickeln und ihr Wissen und ihre inspirierenden Ideen im Dialog mit der Au\u00dfenwelt zu vertiefen. Wir schaffen eine respektierte und sich entwickelnde Gemeinschaft, die sich durch unsere Lernm\u00f6glichkeiten aus einer vielf\u00e4ltigen Kultur von Alumni aus mehr als 100 L\u00e4ndern der Welt zusammensetzt. <br \/>Das EIFM hat auch f\u00fcnf Grundwerte festgelegt, die uns helfen, unsere Ziele zu erreichen, und die jeder, der aktiv an unserem Institut teilnimmt, \u00fcbernehmen muss. Zu diesen Werten geh\u00f6ren Zusammenarbeit, Zielsetzung, Nachhaltigkeit, Vision und Kreativit\u00e4t.<\/p>\t\t\n\t<\/div>\n<\/div>\t\t<\/div>\n\t\t\t\t<\/div>\n\t\t            <\/div>\n        <\/div>\n                <div class=\"elementor-column elementor-col-50 elementor-top-column elementor-element elementor-element-4675504\" data-id=\"4675504\" data-element_type=\"column\">\n            <div class=\"elementor-widget-wrap elementor-element-populated\">\n                        \t\t<div class=\"elementor-element elementor-element-e39f339 elementor-widget elementor-widget-ct_image\" data-id=\"e39f339\" data-element_type=\"widget\" data-widget_type=\"ct_image.default\">\n\t\t\t\t<div class=\"elementor-widget-container\">\n\t\t\t<div class=\"ct-image-single  \">\r\n                                        <img decoding=\"async\" width=\"1000\" height=\"633\" src=\"https:\/\/eifm.eu\/wp-content\/uploads\/2022\/04\/GetPaidStock.com-624c32791d3fa.jpg\" class=\"attachment-full\" alt=\"\" \/>                            <\/div>\t\t<\/div>\n\t\t\t\t<\/div>\n\t\t            <\/div>\n        <\/div>\n                            <\/div>\n        <\/section>\n        \t\t\t\t\t<\/div>\n\t\t","protected":false},"excerpt":{"rendered":"<p>\u00dcber uns Erfahrungen, Tradition und praktischer Beitrag Das EIFM ist eine renommierte Einrichtung mit einer langen Tradition und Erfahrung, die wir st\u00e4ndig an unsere Studenten weitergeben. Wir bieten nicht nur Grund- und Aufbaustudieng\u00e4nge an, sondern auch Managementstudien in den Bereichen Wirtschaft und Management und schaffen eine Plattform f\u00fcr Forschung, Diskussion und Debatte \u00fcber eine breite [&hellip;]<\/p>\n","protected":false},"author":1,"featured_media":0,"parent":0,"menu_order":0,"comment_status":"closed","ping_status":"closed","template":"","meta":{"_mi_skip_tracking":false,"_monsterinsights_sitenote_active":false,"_monsterinsights_sitenote_note":"","_monsterinsights_sitenote_category":0},"yoast_head":"<!-- This site is optimized with the Yoast SEO Premium plugin v16.1 - https:\/\/yoast.com\/wordpress\/plugins\/seo\/ -->\n<title>\u00dcber Institut - European Institute of Finance and Management<\/title>\n<link rel=\"canonical\" href=\"https:\/\/eifm.eu\/de\/uber-institut\/\" \/>\n<meta property=\"og:locale\" content=\"de_DE\" \/>\n<meta property=\"og:type\" content=\"article\" \/>\n<meta property=\"og:title\" content=\"\u00dcber Institut - European Institute of Finance and Management\" \/>\n<meta property=\"og:description\" content=\"\u00dcber uns Erfahrungen, Tradition und praktischer Beitrag Das EIFM ist eine renommierte Einrichtung mit einer langen Tradition und Erfahrung, die wir st\u00e4ndig an unsere Studenten weitergeben. Wir bieten nicht nur Grund- und Aufbaustudieng\u00e4nge an, sondern auch Managementstudien in den Bereichen Wirtschaft und Management und schaffen eine Plattform f\u00fcr Forschung, Diskussion und Debatte \u00fcber eine breite [&hellip;]\" \/>\n<meta property=\"og:url\" content=\"https:\/\/eifm.eu\/de\/uber-institut\/\" \/>\n<meta property=\"og:site_name\" content=\"European Institute of Finance and Management\" \/>\n<meta property=\"article:publisher\" content=\"https:\/\/www.facebook.com\/EIFM.eu\/\" \/>\n<meta property=\"article:modified_time\" content=\"2022-05-02T09:54:54+00:00\" \/>\n<meta property=\"og:image\" content=\"https:\/\/eifm.eu\/wp-content\/uploads\/2022\/04\/admissions-committee-members.webp\" \/>\n<meta name=\"twitter:card\" content=\"summary_large_image\" \/>\n<meta name=\"twitter:label1\" content=\"Gesch\u00e4tzte Lesezeit\">\n\t<meta name=\"twitter:data1\" content=\"2 Minuten\">\n<script type=\"application\/ld+json\" class=\"yoast-schema-graph\">{\"@context\":\"https:\/\/schema.org\",\"@graph\":[{\"@type\":\"Organization\",\"@id\":\"https:\/\/eifm.eu\/#organization\",\"name\":\"European Institute of Finance and Management\",\"url\":\"https:\/\/eifm.eu\/\",\"sameAs\":[\"https:\/\/www.facebook.com\/EIFM.eu\/\",\"https:\/\/www.linkedin.com\/company\/european-institute-of-finance-and-management\/\"],\"logo\":{\"@type\":\"ImageObject\",\"@id\":\"https:\/\/eifm.eu\/#logo\",\"inLanguage\":\"de-DE\",\"url\":\"https:\/\/eifm.eu\/wp-content\/uploads\/2022\/03\/eifm.png\",\"contentUrl\":\"https:\/\/eifm.eu\/wp-content\/uploads\/2022\/03\/eifm.png\",\"width\":541,\"height\":162,\"caption\":\"European Institute of Finance and Management\"},\"image\":{\"@id\":\"https:\/\/eifm.eu\/#logo\"}},{\"@type\":\"WebSite\",\"@id\":\"https:\/\/eifm.eu\/#website\",\"url\":\"https:\/\/eifm.eu\/\",\"name\":\"European Institute of Finance and Management\",\"description\":\"\",\"publisher\":{\"@id\":\"https:\/\/eifm.eu\/#organization\"},\"potentialAction\":[{\"@type\":\"SearchAction\",\"target\":\"https:\/\/eifm.eu\/?s={search_term_string}\",\"query-input\":\"required name=search_term_string\"}],\"inLanguage\":\"de-DE\"},{\"@type\":\"ImageObject\",\"@id\":\"https:\/\/eifm.eu\/de\/uber-institut\/#primaryimage\",\"inLanguage\":\"de-DE\",\"url\":\"https:\/\/eifm.eu\/wp-content\/uploads\/2022\/04\/admissions-committee-members.webp\",\"contentUrl\":\"https:\/\/eifm.eu\/wp-content\/uploads\/2022\/04\/admissions-committee-members.webp\",\"width\":1000,\"height\":666},{\"@type\":\"WebPage\",\"@id\":\"https:\/\/eifm.eu\/de\/uber-institut\/#webpage\",\"url\":\"https:\/\/eifm.eu\/de\/uber-institut\/\",\"name\":\"\\u00dcber Institut - European Institute of Finance and Management\",\"isPartOf\":{\"@id\":\"https:\/\/eifm.eu\/#website\"},\"primaryImageOfPage\":{\"@id\":\"https:\/\/eifm.eu\/de\/uber-institut\/#primaryimage\"},\"datePublished\":\"2022-05-01T07:44:54+00:00\",\"dateModified\":\"2022-05-02T09:54:54+00:00\",\"breadcrumb\":{\"@id\":\"https:\/\/eifm.eu\/de\/uber-institut\/#breadcrumb\"},\"inLanguage\":\"de-DE\",\"potentialAction\":[{\"@type\":\"ReadAction\",\"target\":[\"https:\/\/eifm.eu\/de\/uber-institut\/\"]}]},{\"@type\":\"BreadcrumbList\",\"@id\":\"https:\/\/eifm.eu\/de\/uber-institut\/#breadcrumb\",\"itemListElement\":[{\"@type\":\"ListItem\",\"position\":1,\"item\":{\"@type\":\"WebPage\",\"@id\":\"https:\/\/eifm.eu\/de\/\",\"url\":\"https:\/\/eifm.eu\/de\/\",\"name\":\"Home\"}},{\"@type\":\"ListItem\",\"position\":2,\"item\":{\"@type\":\"WebPage\",\"@id\":\"https:\/\/eifm.eu\/de\/uber-institut\/\",\"url\":\"https:\/\/eifm.eu\/de\/uber-institut\/\",\"name\":\"\\u00dcber Institut\"}}]}]}<\/script>\n<!-- \/ Yoast SEO Premium plugin. -->","_links":{"self":[{"href":"https:\/\/eifm.eu\/de\/wp-json\/wp\/v2\/pages\/8429"}],"collection":[{"href":"https:\/\/eifm.eu\/de\/wp-json\/wp\/v2\/pages"}],"about":[{"href":"https:\/\/eifm.eu\/de\/wp-json\/wp\/v2\/types\/page"}],"author":[{"embeddable":true,"href":"https:\/\/eifm.eu\/de\/wp-json\/wp\/v2\/users\/1"}],"replies":[{"embeddable":true,"href":"https:\/\/eifm.eu\/de\/wp-json\/wp\/v2\/comments?post=8429"}],"version-history":[{"count":3,"href":"https:\/\/eifm.eu\/de\/wp-json\/wp\/v2\/pages\/8429\/revisions"}],"predecessor-version":[{"id":8596,"href":"https:\/\/eifm.eu\/de\/wp-json\/wp\/v2\/pages\/8429\/revisions\/8596"}],"wp:attachment":[{"href":"https:\/\/eifm.eu\/de\/wp-json\/wp\/v2\/media?parent=8429"}],"curies":[{"name":"wp","href":"https:\/\/api.w.org\/{rel}","templated":true}]}}